{"id":690,"date":"2022-05-25T21:28:23","date_gmt":"2022-05-25T19:28:23","guid":{"rendered":"https:\/\/sanmed.pl\/news\/"},"modified":"2022-06-28T07:08:51","modified_gmt":"2022-06-28T05:08:51","slug":"news","status":"publish","type":"page","link":"https:\/\/sanmed.pl\/en\/news\/","title":{"rendered":"News"},"content":{"rendered":"<div class=\"wp-block-stackable-columns alignfull stk-block-columns stk-block stk-10b47b4\" data-block-id=\"10b47b4\"><div class=\"stk-row stk-inner-blocks stk-block-content stk-content-align stk-10b47b4-column alignfull\"><div class=\"wp-block-stackable-column stk-block-column stk-column stk-block stk-6cc7b95\" data-block-id=\"6cc7b95\"><div class=\"stk-column-wrapper stk-block-column__content stk-container stk-6cc7b95-container stk--no-background stk--no-padding\"><div class=\"stk-block-content stk-inner-blocks\"><\/div><\/div><\/div><\/div><\/div><div class=\"wp-block-stackable-columns stk-block-columns stk-block stk-997f1f8\" data-block-id=\"997f1f8\"><style>.stk-997f1f8{margin-bottom:60px !important}<\/style><div class=\"stk-row stk-inner-blocks stk-block-content stk-content-align stk-997f1f8-column\"><div class=\"wp-block-stackable-column stk-block-column stk-column stk-block stk-1853317\" data-block-id=\"1853317\"><div class=\"stk-column-wrapper stk-block-column__content stk-container stk-1853317-container stk--no-background stk--no-padding\"><div class=\"stk-block-content stk-inner-blocks\"><div  class=\"ultp-post-grid-block wp-block-ultimate-post-post-list-3 ultp-block-853016\"><div class=\"ultp-block-wrapper\"><div class=\"ultp-loading\"><div class=\"ultp-loading-blocks\" style=\"width:100%;height:100%;\"><div style=\"left: 0;top: 0;animation-delay:0s;\"><\/div><div style=\"left: 21px;top: 0;animation-delay:0.125s;\"><\/div><div style=\"left: 42px;top: 0;animation-delay:0.25s;\"><\/div><div style=\"left: 0;top: 21px;animation-delay:0.875s;\"><\/div><div style=\"left: 42px;top: 21px;animation-delay:0.375s;\"><\/div><div style=\"left: 0;top: 42px;animation-delay:0.75s;\"><\/div><div style=\"left: 42px;top: 42px;animation-delay:0.625s;\"><\/div><div style=\"left: 21px;top: 42px;animation-delay:0.5s;\"><\/div><\/div><\/div><div class=\"ultp-heading-filter\"><div class=\"ultp-heading-filter-in\"><div class=\"ultp-heading-wrap ultp-heading-style1 ultp-heading-left\"><h1 class=\"ultp-heading-inner\"><span> Our <strong>News<\/strong><\/span><\/h1><\/div><div class=\"ultp-filter-navigation\"><\/div><\/div><\/div><div class=\"ultp-block-items-wrap ultp-block-row ultp-block-column-1 ultp-block-content-middle ultp-layout1\"><div class=\"ultp-block-item ultp-block-media post-id-789\"><div class=\"ultp-block-content-wrap\"><div class=\"ultp-block-image ultp-block-image-zoomIn\"><a href=\"https:\/\/sanmed.pl\/en\/sterylizacja-w-szpitalu\/\" ><img decoding=\"async\"  alt=\"Sterylizacja w szpitalu\"  src=\"https:\/\/sanmed.pl\/wp-content\/uploads\/2022\/06\/79-600x423.jpg\" \/><\/a><div class=\"ultp-category-img-grid\"><div class=\"ultp-category-grid ultp-category-classic ultp-category-topLeft\"><div class=\"ultp-category-in ultp-cat-color-1\"><a class=\"ultp-cat-news ultp-cat-only-color-1\" href=\"https:\/\/sanmed.pl\/en\/category\/news\/\" style=\"background-color: #CE2746;\" >News<\/a><\/div><\/div><\/div><\/div><div class=\"ultp-block-content\"><div class=\"ultp-block-meta ultp-block-meta-emptyspace ultp-block-meta-style2\"><span class=\"ultp-block-date ultp-block-meta-element\"><svg xmlns=\"http:\/\/www.w3.org\/2000\/svg\" viewBox=\"0 0 18 19\"><path d=\"M4.60069444,4.09375 L3.25,4.09375 C2.47334957,4.09375 1.84375,4.72334957 1.84375,5.5 L1.84375,7.26736111 L16.15625,7.26736111 L16.15625,5.5 C16.15625,4.72334957 15.5266504,4.09375 14.75,4.09375 L13.3993056,4.09375 L13.3993056,4.55555556 C13.3993056,5.02154581 13.0215458,5.39930556 12.5555556,5.39930556 C12.0895653,5.39930556 11.7118056,5.02154581 11.7118056,4.55555556 L11.7118056,4.09375 L6.28819444,4.09375 L6.28819444,4.55555556 C6.28819444,5.02154581 5.9104347,5.39930556 5.44444444,5.39930556 C4.97845419,5.39930556 4.60069444,5.02154581 4.60069444,4.55555556 L4.60069444,4.09375 Z M6.28819444,2.40625 L11.7118056,2.40625 L11.7118056,1 C11.7118056,0.534009742 12.0895653,0.15625 12.5555556,0.15625 C13.0215458,0.15625 13.3993056,0.534009742 13.3993056,1 L13.3993056,2.40625 L14.75,2.40625 C16.4586309,2.40625 17.84375,3.79136906 17.84375,5.5 L17.84375,15.875 C17.84375,17.5836309 16.4586309,18.96875 14.75,18.96875 L3.25,18.96875 C1.54136906,18.96875 0.15625,17.5836309 0.15625,15.875 L0.15625,5.5 C0.15625,3.79136906 1.54136906,2.40625 3.25,2.40625 L4.60069444,2.40625 L4.60069444,1 C4.60069444,0.534009742 4.97845419,0.15625 5.44444444,0.15625 C5.9104347,0.15625 6.28819444,0.534009742 6.28819444,1 L6.28819444,2.40625 Z M1.84375,8.95486111 L1.84375,15.875 C1.84375,16.6516504 2.47334957,17.28125 3.25,17.28125 L14.75,17.28125 C15.5266504,17.28125 16.15625,16.6516504 16.15625,15.875 L16.15625,8.95486111 L1.84375,8.95486111 Z\"\/><\/svg>Jun 14, 2022<\/span><\/div><h2 class=\"ultp-block-title \"><a href=\"https:\/\/sanmed.pl\/en\/sterylizacja-w-szpitalu\/\" >Sterylizacja w szpitalu<\/a><\/h2><div class=\"ultp-block-excerpt\"><p>W ka\u017cdym szpitalu powinna funkcjonowa\u0107 centralna sterylizatornia. W jej ramach wyr\u00f3\u017cni\u0107 mo\u017cna trzy strefy, z kt\u00f3rych ka\u017cda ma swoje okre\u015blone funkcje i przeznaczenie. Podzielenie ca\u0142ego systemu na 3 strefy rozgraniczone \u015bluzami umo\u017cliwia nadanie procesowi sterylizacji&hellip;<\/p>\n<\/div><\/div><\/div><\/div><\/div><div class=\"ultp-pagination-wrap ultp-pagination-ajax-action\" data-paged=\"1\" data-expost=\"\"  data-blockid=\"853016\" data-postid=\"690\" data-pages=\"1\" data-blockname=\"ultimate-post_post-list-3\" data-selfpostid=\"no\"><\/div><\/div><div class=\"pagination-block-html\" aria-hidden=\"true\" style=\"display: none;\"><\/div><\/div><\/div><\/div><\/div><\/div><\/div><p><\/p>","protected":false},"excerpt":{"rendered":"","protected":false},"author":1,"featured_media":0,"parent":0,"menu_order":0,"comment_status":"closed","ping_status":"closed","template":"","meta":{"footnotes":""},"class_list":["post-690","page","type-page","status-publish","hentry"],"blocksy_meta":{"styles_descriptor":{"styles":{"desktop":"[data-prefix=\"single_page\"] {background-color:var(--theme-palette-color-8);background-image:none;}","tablet":"","mobile":""},"google_fonts":[],"version":6},"page_title_panel":"","has_hero_section":"default","2e9d6371dac3024ccf1aff97a2e2e150":"","hero_section":"type-1","hero_elements":[{"id":"custom_title","enabled":true,"heading_tag":"h1","title":"Strona g\u0142\u00f3wna"},{"id":"custom_description","enabled":true,"description_visibility":{"desktop":true,"tablet":true,"mobile":false}},{"id":"custom_meta","enabled":false,"meta_elements":[{"id":"author","enabled":true,"label":"Przez","has_author_avatar":"yes","avatar_size":25},{"id":"post_date","enabled":true,"label":"W\u0142\u0105cz","date_format_source":"default","date_format":"M j, Y"},{"id":"updated_date","enabled":false,"label":"W\u0142\u0105cz","date_format_source":"default","date_format":"M j, Y"},{"id":"categories","enabled":false,"label":"W","style":"simple"},{"id":"comments","enabled":true}],"page_meta_elements":{"joined":true,"articles_count":true,"comments":true}},{"id":"breadcrumbs","enabled":false}],"59aac1d4cbcbe88510e80616cd1f7645":"","hero_alignment1":"CT_CSS_SKIP_RULE","hero_margin":40,"hero_alignment2":"center","hero_vertical_alignment":"center","d69bcf14ee03719612c724e7ab9151f7":"","hero_structure":"narrow","8d35c9fbc9507a4e1b35d4c6842377a3":"","page_title_bg_type":"featured_image","custom_hero_background":{"attachment_id":null},"page_title_image_size":"full","parallax":{"desktop":false,"tablet":false,"mobile":false},"be6a1f81d5396ed1f4ebd83a7c64e075":"","hero_height":"250px","pageTitleFont":{"family":"Default","variation":"Default","size":"30px","line-height":"CT_CSS_SKIP_RULE","letter-spacing":"CT_CSS_SKIP_RULE","text-transform":"CT_CSS_SKIP_RULE","text-decoration":"CT_CSS_SKIP_RULE"},"pageTitleFontColor":{"default":{"color":"CT_CSS_SKIP_RULEDEFAULT"}},"pageMetaFont":{"family":"Default","variation":"n6","size":"12px","line-height":"1.3","letter-spacing":"CT_CSS_SKIP_RULE","text-transform":"uppercase","text-decoration":"CT_CSS_SKIP_RULE"},"pageMetaFontColor":{"default":{"color":"CT_CSS_SKIP_RULEDEFAULT"},"hover":{"color":"CT_CSS_SKIP_RULEDEFAULT"}},"page_meta_button_type_font_colors":{"default":{"color":"CT_CSS_SKIP_RULEDEFAULT"},"hover":{"color":"CT_CSS_SKIP_RULEDEFAULT"}},"page_meta_button_type_background_colors":{"default":{"color":"CT_CSS_SKIP_RULEDEFAULT"},"hover":{"color":"CT_CSS_SKIP_RULEDEFAULT"}},"pageExcerptFont":{"family":"Default","variation":"Default","size":"CT_CSS_SKIP_RULE","line-height":"CT_CSS_SKIP_RULE","letter-spacing":"CT_CSS_SKIP_RULE","text-transform":"CT_CSS_SKIP_RULE","text-decoration":"CT_CSS_SKIP_RULE"},"pageExcerptColor":{"default":{"color":"CT_CSS_SKIP_RULEDEFAULT"}},"breadcrumbsFont":{"family":"Default","variation":"Default","size":"CT_CSS_SKIP_RULE","line-height":"CT_CSS_SKIP_RULE","letter-spacing":"CT_CSS_SKIP_RULE","text-transform":"CT_CSS_SKIP_RULE","text-decoration":"CT_CSS_SKIP_RULE"},"breadcrumbsFontColor":{"default":{"color":"CT_CSS_SKIP_RULEDEFAULT"},"initial":{"color":"CT_CSS_SKIP_RULEDEFAULT"},"hover":{"color":"CT_CSS_SKIP_RULEDEFAULT"}},"pageTitleOverlay":{"background_type":"color","background_pattern":"type-1","background_image":{"attachment_id":null,"x":0,"y":0},"gradient":"linear-gradient(135deg,rgba(6,147,227,1) 0%,rgb(155,81,224) 100%)","background_repeat":"repeat","background_size":"auto","background_attachment":"scroll","patternColor":{"default":{"color":"#e5e7ea"}},"overlayColor":{"default":{"color":"CT_CSS_SKIP_RULE"}},"backgroundColor":{"default":{"color":"CT_CSS_SKIP_RULE"}}},"pageTitleBackground":{"background_type":"color","background_pattern":"type-1","background_image":{"attachment_id":null,"x":0,"y":0},"gradient":"linear-gradient(135deg,rgba(6,147,227,1) 0%,rgb(155,81,224) 100%)","background_repeat":"repeat","background_size":"auto","background_attachment":"scroll","patternColor":{"default":{"color":"#e5e7ea"}},"overlayColor":{"default":{"color":"CT_CSS_SKIP_RULE"}},"backgroundColor":{"default":{"color":"var(--theme-palette-color-6)"}}},"pageTitlePadding":{"top":"50px","bottom":"50px","left":"auto","right":"auto","linked":true},"fa683f3408e04737bbc4ab1b1bd3881f":"","page_structure_type":"default","bcb22726ab179b1a01f38b2cee6a67d6":"","content_style_source":"inherit","content_style":"wide","vertical_spacing_source":"inherit","content_area_spacing":"both","background":{"desktop":{"background_type":"color","background_pattern":"type-1","background_image":{"attachment_id":null,"x":0,"y":0},"gradient":"linear-gradient(135deg,rgba(6,147,227,1) 0%,rgb(155,81,224) 100%)","background_repeat":"repeat","background_size":"auto","background_attachment":"scroll","patternColor":{"default":{"color":"#e5e7ea"}},"overlayColor":{"default":{"color":"CT_CSS_SKIP_RULE"}},"backgroundColor":{"default":{"color":"var(--theme-palette-color-8)"}}},"tablet":{"background_type":"color","background_pattern":"type-1","background_image":{"attachment_id":null,"x":0,"y":0},"gradient":"linear-gradient(135deg,rgba(6,147,227,1) 0%,rgb(155,81,224) 100%)","background_repeat":"repeat","background_size":"auto","background_attachment":"scroll","patternColor":{"default":{"color":"#e5e7ea"}},"overlayColor":{"default":{"color":"CT_CSS_SKIP_RULE"}},"backgroundColor":{"default":{"color":"var(--theme-palette-color-8)"}}},"mobile":{"background_type":"color","background_pattern":"type-1","background_image":{"attachment_id":null,"x":0,"y":0},"gradient":"linear-gradient(135deg,rgba(6,147,227,1) 0%,rgb(155,81,224) 100%)","background_repeat":"repeat","background_size":"auto","background_attachment":"scroll","patternColor":{"default":{"color":"#e5e7ea"}},"overlayColor":{"default":{"color":"CT_CSS_SKIP_RULE"}},"backgroundColor":{"default":{"color":"var(--theme-palette-color-8)"}}},"__changed":[]},"content_background":{"background_type":"color","background_pattern":"type-1","background_image":{"attachment_id":null,"x":0,"y":0},"gradient":"linear-gradient(135deg,rgba(6,147,227,1) 0%,rgb(155,81,224) 100%)","background_repeat":"repeat","background_size":"auto","background_attachment":"scroll","patternColor":{"default":{"color":"#e5e7ea"}},"overlayColor":{"default":{"color":"CT_CSS_SKIP_RULE"}},"backgroundColor":{"default":{"color":"var(--theme-palette-color-8)"}}},"content_boxed_shadow":{"inherit":false,"blur":18,"spread":-6,"v_offset":12,"h_offset":0,"inset":false,"enable":true,"color":{"color":"rgba(34, 56, 101, 0.04)"}},"content_boxed_border":{"width":1,"style":"none","color":{"color":"rgba(44,62,80,0.2)"}},"content_boxed_radius":{"top":"3px","bottom":"3px","left":"3px","right":"3px","linked":true},"boxed_content_spacing":{"desktop":{"top":"40px","bottom":"40px","left":"40px","right":"40px","linked":true},"tablet":{"top":"35px","bottom":"35px","left":"35px","right":"35px","linked":true},"mobile":{"top":"20px","bottom":"20px","left":"20px","right":"20px","linked":true}},"9c4e10713d21679081839a2a68e26ce6":"","disable_featured_image":"no","disable_share_box":"no","disable_header":"no","disable_footer":"no"},"featured_image_urls_v2":{"full":"","thumbnail":"","medium":"","medium_large":"","large":"","1536x1536":"","2048x2048":"","ultp_layout_landscape_large":"","ultp_layout_landscape":"","ultp_layout_portrait":"","ultp_layout_square":"","woocommerce_archive_thumbnail":"","woocommerce_thumbnail":"","woocommerce_single":"","woocommerce_gallery_thumbnail":""},"post_excerpt_stackable_v2":"<p>Our NewsNewsJun 14, 2022Sterylizacja w szpitaluW ka\u017cdym szpitalu powinna funkcjonowa\u0107 centralna sterylizatornia. W jej ramach wyr\u00f3\u017cni\u0107 mo\u017cna trzy strefy, z kt\u00f3rych ka\u017cda ma swoje okre\u015blone funkcje i przeznaczenie. Podzielenie ca\u0142ego systemu na 3 strefy rozgraniczone \u015bluzami umo\u017cliwia nadanie procesowi sterylizacji&hellip;<\/p>\n","category_list_v2":"","author_info_v2":{"name":"sanmed","url":"https:\/\/sanmed.pl\/en\/author\/sanmed\/"},"comments_num_v2":"0 comments","yoast_head":"<!-- This site is optimized with the Yoast SEO plugin v24.0 - https:\/\/yoast.com\/wordpress\/plugins\/seo\/ -->\n<title>News - Sanmed - Wytw\u00f3rnia sprz\u0119tu sanitarnego<\/title>\n<meta name=\"robots\" content=\"index, follow, max-snippet:-1, max-image-preview:large, max-video-preview:-1\" \/>\n<link rel=\"canonical\" href=\"https:\/\/sanmed.pl\/en\/news\/\" \/>\n<meta property=\"og:locale\" content=\"en_US\" \/>\n<meta property=\"og:type\" content=\"article\" \/>\n<meta property=\"og:title\" content=\"News - Sanmed - Wytw\u00f3rnia sprz\u0119tu sanitarnego\" \/>\n<meta property=\"og:url\" content=\"https:\/\/sanmed.pl\/en\/news\/\" \/>\n<meta property=\"og:site_name\" content=\"Sanmed - Wytw\u00f3rnia sprz\u0119tu sanitarnego\" \/>\n<meta property=\"article:modified_time\" content=\"2022-06-28T05:08:51+00:00\" \/>\n<meta name=\"twitter:card\" content=\"summary_large_image\" \/>\n<script type=\"application\/ld+json\" class=\"yoast-schema-graph\">{\"@context\":\"https:\/\/schema.org\",\"@graph\":[{\"@type\":\"WebPage\",\"@id\":\"https:\/\/sanmed.pl\/en\/news\/\",\"url\":\"https:\/\/sanmed.pl\/en\/news\/\",\"name\":\"News - Sanmed - Wytw\u00f3rnia sprz\u0119tu sanitarnego\",\"isPartOf\":{\"@id\":\"https:\/\/sanmed.pl\/#website\"},\"datePublished\":\"2022-05-25T19:28:23+00:00\",\"dateModified\":\"2022-06-28T05:08:51+00:00\",\"breadcrumb\":{\"@id\":\"https:\/\/sanmed.pl\/en\/news\/#breadcrumb\"},\"inLanguage\":\"en-US\",\"potentialAction\":[{\"@type\":\"ReadAction\",\"target\":[\"https:\/\/sanmed.pl\/en\/news\/\"]}]},{\"@type\":\"BreadcrumbList\",\"@id\":\"https:\/\/sanmed.pl\/en\/news\/#breadcrumb\",\"itemListElement\":[{\"@type\":\"ListItem\",\"position\":1,\"name\":\"Strona g\u0142\u00f3wna\",\"item\":\"https:\/\/sanmed.pl\/en\/\"},{\"@type\":\"ListItem\",\"position\":2,\"name\":\"News\"}]},{\"@type\":\"WebSite\",\"@id\":\"https:\/\/sanmed.pl\/#website\",\"url\":\"https:\/\/sanmed.pl\/\",\"name\":\"Sanmed - Wytw\u00f3rnia sprz\u0119tu sanitarnego\",\"description\":\"Produkty najwy\u017cszej jako\u015bci\",\"publisher\":{\"@id\":\"https:\/\/sanmed.pl\/#organization\"},\"potentialAction\":[{\"@type\":\"SearchAction\",\"target\":{\"@type\":\"EntryPoint\",\"urlTemplate\":\"https:\/\/sanmed.pl\/?s={search_term_string}\"},\"query-input\":{\"@type\":\"PropertyValueSpecification\",\"valueRequired\":true,\"valueName\":\"search_term_string\"}}],\"inLanguage\":\"en-US\"},{\"@type\":\"Organization\",\"@id\":\"https:\/\/sanmed.pl\/#organization\",\"name\":\"SANMED\",\"url\":\"https:\/\/sanmed.pl\/\",\"logo\":{\"@type\":\"ImageObject\",\"inLanguage\":\"en-US\",\"@id\":\"https:\/\/sanmed.pl\/#\/schema\/logo\/image\/\",\"url\":\"https:\/\/sanmed.pl\/wp-content\/uploads\/2022\/05\/logo.png\",\"contentUrl\":\"https:\/\/sanmed.pl\/wp-content\/uploads\/2022\/05\/logo.png\",\"width\":236,\"height\":104,\"caption\":\"SANMED\"},\"image\":{\"@id\":\"https:\/\/sanmed.pl\/#\/schema\/logo\/image\/\"}}]}<\/script>\n<!-- \/ Yoast SEO plugin. -->","yoast_head_json":{"title":"News - Sanmed - Wytw\u00f3rnia sprz\u0119tu sanitarnego","robots":{"index":"index","follow":"follow","max-snippet":"max-snippet:-1","max-image-preview":"max-image-preview:large","max-video-preview":"max-video-preview:-1"},"canonical":"https:\/\/sanmed.pl\/en\/news\/","og_locale":"en_US","og_type":"article","og_title":"News - Sanmed - Wytw\u00f3rnia sprz\u0119tu sanitarnego","og_url":"https:\/\/sanmed.pl\/en\/news\/","og_site_name":"Sanmed - Wytw\u00f3rnia sprz\u0119tu sanitarnego","article_modified_time":"2022-06-28T05:08:51+00:00","twitter_card":"summary_large_image","schema":{"@context":"https:\/\/schema.org","@graph":[{"@type":"WebPage","@id":"https:\/\/sanmed.pl\/en\/news\/","url":"https:\/\/sanmed.pl\/en\/news\/","name":"News - Sanmed - Wytw\u00f3rnia sprz\u0119tu sanitarnego","isPartOf":{"@id":"https:\/\/sanmed.pl\/#website"},"datePublished":"2022-05-25T19:28:23+00:00","dateModified":"2022-06-28T05:08:51+00:00","breadcrumb":{"@id":"https:\/\/sanmed.pl\/en\/news\/#breadcrumb"},"inLanguage":"en-US","potentialAction":[{"@type":"ReadAction","target":["https:\/\/sanmed.pl\/en\/news\/"]}]},{"@type":"BreadcrumbList","@id":"https:\/\/sanmed.pl\/en\/news\/#breadcrumb","itemListElement":[{"@type":"ListItem","position":1,"name":"Strona g\u0142\u00f3wna","item":"https:\/\/sanmed.pl\/en\/"},{"@type":"ListItem","position":2,"name":"News"}]},{"@type":"WebSite","@id":"https:\/\/sanmed.pl\/#website","url":"https:\/\/sanmed.pl\/","name":"Sanmed - Wytw\u00f3rnia sprz\u0119tu sanitarnego","description":"Produkty najwy\u017cszej jako\u015bci","publisher":{"@id":"https:\/\/sanmed.pl\/#organization"},"potentialAction":[{"@type":"SearchAction","target":{"@type":"EntryPoint","urlTemplate":"https:\/\/sanmed.pl\/?s={search_term_string}"},"query-input":{"@type":"PropertyValueSpecification","valueRequired":true,"valueName":"search_term_string"}}],"inLanguage":"en-US"},{"@type":"Organization","@id":"https:\/\/sanmed.pl\/#organization","name":"SANMED","url":"https:\/\/sanmed.pl\/","logo":{"@type":"ImageObject","inLanguage":"en-US","@id":"https:\/\/sanmed.pl\/#\/schema\/logo\/image\/","url":"https:\/\/sanmed.pl\/wp-content\/uploads\/2022\/05\/logo.png","contentUrl":"https:\/\/sanmed.pl\/wp-content\/uploads\/2022\/05\/logo.png","width":236,"height":104,"caption":"SANMED"},"image":{"@id":"https:\/\/sanmed.pl\/#\/schema\/logo\/image\/"}}]}},"_links":{"self":[{"href":"https:\/\/sanmed.pl\/en\/wp-json\/wp\/v2\/pages\/690","targetHints":{"allow":["GET"]}}],"collection":[{"href":"https:\/\/sanmed.pl\/en\/wp-json\/wp\/v2\/pages"}],"about":[{"href":"https:\/\/sanmed.pl\/en\/wp-json\/wp\/v2\/types\/page"}],"author":[{"embeddable":true,"href":"https:\/\/sanmed.pl\/en\/wp-json\/wp\/v2\/users\/1"}],"replies":[{"embeddable":true,"href":"https:\/\/sanmed.pl\/en\/wp-json\/wp\/v2\/comments?post=690"}],"version-history":[{"count":8,"href":"https:\/\/sanmed.pl\/en\/wp-json\/wp\/v2\/pages\/690\/revisions"}],"predecessor-version":[{"id":830,"href":"https:\/\/sanmed.pl\/en\/wp-json\/wp\/v2\/pages\/690\/revisions\/830"}],"wp:attachment":[{"href":"https:\/\/sanmed.pl\/en\/wp-json\/wp\/v2\/media?parent=690"}],"curies":[{"name":"wp","href":"https:\/\/api.w.org\/{rel}","templated":true}]}}