{"id":692,"date":"2022-05-25T21:28:35","date_gmt":"2022-05-25T19:28:35","guid":{"rendered":"https:\/\/sanmed.pl\/contact\/"},"modified":"2022-06-26T00:27:29","modified_gmt":"2022-06-25T22:27:29","slug":"contact","status":"publish","type":"page","link":"https:\/\/sanmed.pl\/en\/contact\/","title":{"rendered":"Contact"},"content":{"rendered":"<div class=\"wp-block-stackable-columns alignfull stk-block-columns stk-block stk-10b47b4\" data-block-id=\"10b47b4\"><div class=\"stk-row stk-inner-blocks stk-block-content stk-content-align stk-10b47b4-column alignfull\"><div class=\"wp-block-stackable-column stk-block-column stk-column stk-block stk-6cc7b95\" data-block-id=\"6cc7b95\"><div class=\"stk-column-wrapper stk-block-column__content stk-container stk-6cc7b95-container stk--no-background stk--no-padding\"><div class=\"stk-block-content stk-inner-blocks\"><\/div><\/div><\/div><\/div><\/div><div class=\"wp-block-stackable-columns stk-block-columns stk-block stk-d9426ef\" data-block-id=\"d9426ef\"><div class=\"stk-row stk-inner-blocks stk-block-content stk-content-align stk-d9426ef-column\"><div class=\"wp-block-stackable-column stk-block-column stk-column stk-block stk-2fef27f\" data-block-id=\"2fef27f\"><div class=\"stk-column-wrapper stk-block-column__content stk-container stk-2fef27f-container stk--no-background stk--no-padding\"><div class=\"stk-block-content stk-inner-blocks\"><div class=\"wp-block-stackable-heading stk-block-heading stk-block stk-1f47de5\" id=\"kontakt\" data-block-id=\"1f47de5\"><style>.stk-1f47de5{margin-bottom:20px !important}<\/style><h1 class=\"stk-block-heading__text\">Contact<\/h1><\/div>\n\n<div class=\"wp-block-stackable-heading stk-block-heading stk-block stk-83ca493\" id=\"strong-wytwornia-sprzetu-sanitarnego-sanmed-sp-z-o-o-strong\" data-block-id=\"83ca493\"><style>.stk-83ca493{margin-bottom:10px !important}<\/style><h5 class=\"stk-block-heading__text\"><strong>Wytw\u00f3rnia Sprz\u0119tu Sanitarnego &#8220;SANMED&#8221; Sp. z o.o.<\/strong><\/h5><\/div>\n\n<p>ul. Barcelo\u0144ska 62, 40-683 Katowice<br>tel.+48 32 202 95 89<br>KRS: 0000212882<br>Regon: 003462907<br>NIP: 634-012-70-85<br>Kapita\u0142 Zak\u0142adowy: 52 000z\u0142<br>Konto: PKO BP II O\/Katowice<br>49 1020 2313 0000 3002 0128 8042<br><br><strong>Godziny Otwarcia:<\/strong><br>Biuro: Poniedzia\u0142ek-Pi\u0105tek &#8211; 8:00 &#8211; 15:00<br>Produkcja: Poniedzia\u0142ek-Pi\u0105tek &#8211; 7:00 &#8211; 15:00<\/p>\n\n<p>Mail: <a href=\"mailto:sanmed@sanmed.pl\">sanmed@sanmed.pl<\/a><\/p>\n\n<p>Zam\u00f3wienia prosz\u0119 sk\u0142ada\u0107 drog\u0105 telefoniczn\u0105 lub mailow\u0105. Opcja fax zosta\u0142a wy\u0142\u0105czona. <\/p><\/div><\/div><\/div><\/div><\/div><div class=\"wp-block-stackable-columns stk-block-columns stk-block stk-a8289f8\" data-block-id=\"a8289f8\"><div class=\"stk-row stk-inner-blocks stk-block-content stk-content-align stk-a8289f8-column\"><div class=\"wp-block-stackable-column stk-block-column stk-column stk-block stk-2b845f2\" data-block-id=\"2b845f2\"><div class=\"stk-column-wrapper stk-block-column__content stk-container stk-2b845f2-container stk--no-background stk--no-padding\"><div class=\"stk-block-content stk-inner-blocks\"><div class=\"wp-block-stackable-heading stk-block-heading stk-block stk-f5e05ef\" id=\"formularz-strong-kontaktowy-strong\" data-block-id=\"f5e05ef\"><h2 class=\"stk-block-heading__text\">Contact <strong>form<\/strong><\/h2><\/div><\/div><\/div><\/div><\/div><\/div><div class=\"wp-block-stackable-columns stk-block-columns stk-block stk-711057a\" data-block-id=\"711057a\"><style>.stk-711057a{margin-bottom:60px !important}<\/style><div class=\"stk-row stk-inner-blocks stk-block-content stk-content-align stk-711057a-column\"><div class=\"wp-block-stackable-column stk-block-column stk-column stk-block stk-8f590d3\" data-block-id=\"8f590d3\"><style>.stk-8f590d3{max-width:900px !important;min-width:auto !important;margin-right:auto !important;margin-left:auto !important}<\/style><div class=\"stk-column-wrapper stk-block-column__content stk-container stk-8f590d3-container stk--no-background stk--no-padding\"><div class=\"stk-block-content stk-inner-blocks\"><div class=\"wpforms-container wpforms-container-full\" id=\"wpforms-781\"><form id=\"wpforms-form-781\" class=\"wpforms-validate wpforms-form wpforms-ajax-form\" data-formid=\"781\" method=\"post\" enctype=\"multipart\/form-data\" action=\"\/en\/wp-json\/wp\/v2\/pages\/692\" data-token=\"958b8e911da9dc5880500f4e134d4a65\" data-token-time=\"1776036133\"><noscript class=\"wpforms-error-noscript\">Please enable JavaScript in your browser to complete this form.<\/noscript><div class=\"wpforms-field-container\"><div id=\"wpforms-781-field_0-container\" class=\"wpforms-field wpforms-field-name\" data-field-id=\"0\"><label class=\"wpforms-field-label\" for=\"wpforms-781-field_0\">Name <span class=\"wpforms-required-label\">*<\/span><\/label><input type=\"text\" id=\"wpforms-781-field_0\" class=\"wpforms-field-medium wpforms-field-required\" name=\"wpforms[fields][0]\" placeholder=\"Imi\u0119 i nazwisko\" required><\/div><div id=\"wpforms-781-field_3-container\" class=\"wpforms-field wpforms-field-text\" data-field-id=\"3\"><label class=\"wpforms-field-label\" for=\"wpforms-781-field_3\">Telephone <span class=\"wpforms-required-label\">*<\/span><\/label><input type=\"text\" id=\"wpforms-781-field_3\" class=\"wpforms-field-medium wpforms-field-required\" name=\"wpforms[fields][3]\" placeholder=\"Telefon\" required><\/div><div id=\"wpforms-781-field_1-container\" class=\"wpforms-field wpforms-field-email\" data-field-id=\"1\"><label class=\"wpforms-field-label\" for=\"wpforms-781-field_1\">Email <span class=\"wpforms-required-label\">*<\/span><\/label><input type=\"email\" id=\"wpforms-781-field_1\" class=\"wpforms-field-medium wpforms-field-required\" name=\"wpforms[fields][1]\" placeholder=\"E-mail\" spellcheck=\"false\" required><\/div><div id=\"wpforms-781-field_2-container\" class=\"wpforms-field wpforms-field-textarea\" data-field-id=\"2\"><label class=\"wpforms-field-label\" for=\"wpforms-781-field_2\">Message <span class=\"wpforms-required-label\">*<\/span><\/label><textarea id=\"wpforms-781-field_2\" class=\"wpforms-field-medium wpforms-field-required\" name=\"wpforms[fields][2]\" placeholder=\"Wiadomo\u015b\u0107\" required><\/textarea><\/div><div id=\"wpforms-781-field_4-container\" class=\"wpforms-field wpforms-field-checkbox\" data-field-id=\"4\"><label class=\"wpforms-field-label wpforms-label-hide\">Checkboxes <span class=\"wpforms-required-label\">*<\/span><\/label><ul id=\"wpforms-781-field_4\" class=\"wpforms-field-required\"><li class=\"choice-1 depth-1\"><input type=\"checkbox\" id=\"wpforms-781-field_4_1\" name=\"wpforms[fields][4][]\" value=\"I consent to the processing of my personal data in accordance with the Privacy Policy.\" required ><label class=\"wpforms-field-label-inline\" for=\"wpforms-781-field_4_1\">I consent to the processing of my personal data in accordance with the Privacy Policy.<\/label><\/li><\/ul><\/div><\/div><!-- .wpforms-field-container --><div class=\"wpforms-recaptcha-container wpforms-is-recaptcha wpforms-is-recaptcha-type-v3\" ><input type=\"hidden\" name=\"wpforms[recaptcha]\" value=\"\"><\/div><div class=\"wpforms-submit-container\" ><input type=\"hidden\" name=\"wpforms[id]\" value=\"781\"><input type=\"hidden\" name=\"page_title\" value=\"\"><input type=\"hidden\" name=\"page_url\" value=\"https:\/\/sanmed.pl\/en\/wp-json\/wp\/v2\/pages\/692\"><button type=\"submit\" name=\"wpforms[submit]\" id=\"wpforms-submit-781\" class=\"wpforms-submit\" data-alt-text=\"Sending...\" data-submit-text=\"Send the message\" aria-live=\"assertive\" value=\"wpforms-submit\">Send the message<\/button><img loading=\"lazy\" decoding=\"async\" src=\"https:\/\/sanmed.pl\/wp-content\/plugins\/wpforms-lite\/assets\/images\/submit-spin.svg\" class=\"wpforms-submit-spinner\" style=\"display: none;\" width=\"26\" height=\"26\" alt=\"Loading\"><\/div><\/form><\/div>  <!-- .wpforms-container --><\/div><\/div><\/div><\/div><\/div><p><\/p>","protected":false},"excerpt":{"rendered":"<p>Contact Wytw\u00f3rnia Sprz\u0119tu Sanitarnego &#8220;SANMED&#8221; Sp. z o.o. ul. Barcelo\u0144ska 62, 40-683 Katowicetel.+48 32 202 95 89KRS: 0000212882Regon: 003462907NIP: 634-012-70-85Kapita\u0142 Zak\u0142adowy: 52 000z\u0142Konto: PKO BP II O\/Katowice49 1020 2313 0000 3002 0128 8042 Godziny Otwarcia:Biuro: Poniedzia\u0142ek-Pi\u0105tek &#8211; 8:00 &#8211; 15:00Produkcja: Poniedzia\u0142ek-Pi\u0105tek &#8211; 7:00 &#8211; 15:00 Mail: sanmed@sanmed.pl Zam\u00f3wienia prosz\u0119 sk\u0142ada\u0107 drog\u0105 telefoniczn\u0105 lub mailow\u0105. Opcja [&hellip;]<\/p>\n","protected":false},"author":1,"featured_media":0,"parent":0,"menu_order":0,"comment_status":"closed","ping_status":"closed","template":"","meta":{"footnotes":""},"class_list":["post-692","page","type-page","status-publish","hentry"],"blocksy_meta":{"styles_descriptor":{"styles":{"desktop":"[data-prefix=\"single_page\"] {background-color:var(--theme-palette-color-8);background-image:none;}","tablet":"","mobile":""},"google_fonts":[],"version":6},"page_title_panel":"","has_hero_section":"default","e018ee8f8326137feee4af8b917045ab":"","hero_section":"type-1","hero_elements":[{"id":"custom_title","enabled":true,"heading_tag":"h1","title":"Strona g\u0142\u00f3wna"},{"id":"custom_description","enabled":true,"description_visibility":{"desktop":true,"tablet":true,"mobile":false}},{"id":"custom_meta","enabled":false,"meta_elements":[{"id":"author","enabled":true,"label":"Przez","has_author_avatar":"yes","avatar_size":25},{"id":"post_date","enabled":true,"label":"W\u0142\u0105cz","date_format_source":"default","date_format":"M j, Y"},{"id":"updated_date","enabled":false,"label":"W\u0142\u0105cz","date_format_source":"default","date_format":"M j, Y"},{"id":"categories","enabled":false,"label":"W","style":"simple"},{"id":"comments","enabled":true}],"page_meta_elements":{"joined":true,"articles_count":true,"comments":true}},{"id":"breadcrumbs","enabled":false}],"9fc0d87e44907ae915e438805b16feec":"","hero_alignment1":"CT_CSS_SKIP_RULE","hero_margin":40,"hero_alignment2":"center","hero_vertical_alignment":"center","f6e40e64cf202c8315ba5dfa7209fb99":"","hero_structure":"narrow","0f9f3aa110ee7dd48b0984ad98edc2f4":"","page_title_bg_type":"featured_image","custom_hero_background":{"attachment_id":null},"page_title_image_size":"full","parallax":{"desktop":false,"tablet":false,"mobile":false},"c3686879c89a017cce63e27563db0f14":"","hero_height":"250px","pageTitleFont":{"family":"Default","variation":"Default","size":"30px","line-height":"CT_CSS_SKIP_RULE","letter-spacing":"CT_CSS_SKIP_RULE","text-transform":"CT_CSS_SKIP_RULE","text-decoration":"CT_CSS_SKIP_RULE"},"pageTitleFontColor":{"default":{"color":"CT_CSS_SKIP_RULEDEFAULT"}},"pageMetaFont":{"family":"Default","variation":"n6","size":"12px","line-height":"1.3","letter-spacing":"CT_CSS_SKIP_RULE","text-transform":"uppercase","text-decoration":"CT_CSS_SKIP_RULE"},"pageMetaFontColor":{"default":{"color":"CT_CSS_SKIP_RULEDEFAULT"},"hover":{"color":"CT_CSS_SKIP_RULEDEFAULT"}},"page_meta_button_type_font_colors":{"default":{"color":"CT_CSS_SKIP_RULEDEFAULT"},"hover":{"color":"CT_CSS_SKIP_RULEDEFAULT"}},"page_meta_button_type_background_colors":{"default":{"color":"CT_CSS_SKIP_RULEDEFAULT"},"hover":{"color":"CT_CSS_SKIP_RULEDEFAULT"}},"pageExcerptFont":{"family":"Default","variation":"Default","size":"CT_CSS_SKIP_RULE","line-height":"CT_CSS_SKIP_RULE","letter-spacing":"CT_CSS_SKIP_RULE","text-transform":"CT_CSS_SKIP_RULE","text-decoration":"CT_CSS_SKIP_RULE"},"pageExcerptColor":{"default":{"color":"CT_CSS_SKIP_RULEDEFAULT"}},"breadcrumbsFont":{"family":"Default","variation":"Default","size":"CT_CSS_SKIP_RULE","line-height":"CT_CSS_SKIP_RULE","letter-spacing":"CT_CSS_SKIP_RULE","text-transform":"CT_CSS_SKIP_RULE","text-decoration":"CT_CSS_SKIP_RULE"},"breadcrumbsFontColor":{"default":{"color":"CT_CSS_SKIP_RULEDEFAULT"},"initial":{"color":"CT_CSS_SKIP_RULEDEFAULT"},"hover":{"color":"CT_CSS_SKIP_RULEDEFAULT"}},"pageTitleOverlay":{"background_type":"color","background_pattern":"type-1","background_image":{"attachment_id":null,"x":0,"y":0},"gradient":"linear-gradient(135deg,rgba(6,147,227,1) 0%,rgb(155,81,224) 100%)","background_repeat":"repeat","background_size":"auto","background_attachment":"scroll","patternColor":{"default":{"color":"#e5e7ea"}},"overlayColor":{"default":{"color":"CT_CSS_SKIP_RULE"}},"backgroundColor":{"default":{"color":"CT_CSS_SKIP_RULE"}}},"pageTitleBackground":{"background_type":"color","background_pattern":"type-1","background_image":{"attachment_id":null,"x":0,"y":0},"gradient":"linear-gradient(135deg,rgba(6,147,227,1) 0%,rgb(155,81,224) 100%)","background_repeat":"repeat","background_size":"auto","background_attachment":"scroll","patternColor":{"default":{"color":"#e5e7ea"}},"overlayColor":{"default":{"color":"CT_CSS_SKIP_RULE"}},"backgroundColor":{"default":{"color":"var(--theme-palette-color-6)"}}},"pageTitlePadding":{"top":"50px","bottom":"50px","left":"auto","right":"auto","linked":true},"3075edcbac62a4cb943d06421fa3135b":"","page_structure_type":"default","949af8d40010dcda88118c7bc743fed9":"","content_style_source":"inherit","content_style":"wide","vertical_spacing_source":"inherit","content_area_spacing":"both","background":{"desktop":{"background_type":"color","background_pattern":"type-1","background_image":{"attachment_id":null,"x":0,"y":0},"gradient":"linear-gradient(135deg,rgba(6,147,227,1) 0%,rgb(155,81,224) 100%)","background_repeat":"repeat","background_size":"auto","background_attachment":"scroll","patternColor":{"default":{"color":"#e5e7ea"}},"overlayColor":{"default":{"color":"CT_CSS_SKIP_RULE"}},"backgroundColor":{"default":{"color":"var(--theme-palette-color-8)"}}},"tablet":{"background_type":"color","background_pattern":"type-1","background_image":{"attachment_id":null,"x":0,"y":0},"gradient":"linear-gradient(135deg,rgba(6,147,227,1) 0%,rgb(155,81,224) 100%)","background_repeat":"repeat","background_size":"auto","background_attachment":"scroll","patternColor":{"default":{"color":"#e5e7ea"}},"overlayColor":{"default":{"color":"CT_CSS_SKIP_RULE"}},"backgroundColor":{"default":{"color":"var(--theme-palette-color-8)"}}},"mobile":{"background_type":"color","background_pattern":"type-1","background_image":{"attachment_id":null,"x":0,"y":0},"gradient":"linear-gradient(135deg,rgba(6,147,227,1) 0%,rgb(155,81,224) 100%)","background_repeat":"repeat","background_size":"auto","background_attachment":"scroll","patternColor":{"default":{"color":"#e5e7ea"}},"overlayColor":{"default":{"color":"CT_CSS_SKIP_RULE"}},"backgroundColor":{"default":{"color":"var(--theme-palette-color-8)"}}},"__changed":[]},"content_background":{"background_type":"color","background_pattern":"type-1","background_image":{"attachment_id":null,"x":0,"y":0},"gradient":"linear-gradient(135deg,rgba(6,147,227,1) 0%,rgb(155,81,224) 100%)","background_repeat":"repeat","background_size":"auto","background_attachment":"scroll","patternColor":{"default":{"color":"#e5e7ea"}},"overlayColor":{"default":{"color":"CT_CSS_SKIP_RULE"}},"backgroundColor":{"default":{"color":"var(--theme-palette-color-8)"}}},"content_boxed_shadow":{"inherit":false,"blur":18,"spread":-6,"v_offset":12,"h_offset":0,"inset":false,"enable":true,"color":{"color":"rgba(34, 56, 101, 0.04)"}},"content_boxed_border":{"width":1,"style":"none","color":{"color":"rgba(44,62,80,0.2)"}},"content_boxed_radius":{"top":"3px","bottom":"3px","left":"3px","right":"3px","linked":true},"boxed_content_spacing":{"desktop":{"top":"40px","bottom":"40px","left":"40px","right":"40px","linked":true},"tablet":{"top":"35px","bottom":"35px","left":"35px","right":"35px","linked":true},"mobile":{"top":"20px","bottom":"20px","left":"20px","right":"20px","linked":true}},"fade63d35d52c5cd5c06c3df16be8030":"","disable_featured_image":"no","disable_share_box":"no","disable_header":"no","disable_footer":"no"},"featured_image_urls_v2":{"full":"","thumbnail":"","medium":"","medium_large":"","large":"","1536x1536":"","2048x2048":"","ultp_layout_landscape_large":"","ultp_layout_landscape":"","ultp_layout_portrait":"","ultp_layout_square":"","woocommerce_archive_thumbnail":"","woocommerce_thumbnail":"","woocommerce_single":"","woocommerce_gallery_thumbnail":""},"post_excerpt_stackable_v2":"<p>Contact Wytw\u00f3rnia Sprz\u0119tu Sanitarnego &#8220;SANMED&#8221; Sp. z o.o. ul. Barcelo\u0144ska 62, 40-683 Katowicetel.+48 32 202 95 89KRS: 0000212882Regon: 003462907NIP: 634-012-70-85Kapita\u0142 Zak\u0142adowy: 52 000z\u0142Konto: PKO BP II O\/Katowice49 1020 2313 0000 3002 0128 8042Godziny Otwarcia:Biuro: Poniedzia\u0142ek-Pi\u0105tek &#8211; 8:00 &#8211; 15:00Produkcja: Poniedzia\u0142ek-Pi\u0105tek &#8211; 7:00 &#8211; 15:00 Mail: sanmed@sanmed.pl Zam\u00f3wienia prosz\u0119 sk\u0142ada\u0107 drog\u0105 telefoniczn\u0105 lub mailow\u0105. Opcja fax zosta\u0142a wy\u0142\u0105czona. Contact formPlease enable JavaScript in your browser to complete this form.Name *Telephone *Email *Message *Checkboxes *I consent to the processing of my personal data in accordance with the Privacy Policy.Send the message<\/p>\n","category_list_v2":"","author_info_v2":{"name":"sanmed","url":"https:\/\/sanmed.pl\/en\/author\/sanmed\/"},"comments_num_v2":"0 comments","yoast_head":"<!-- This site is optimized with the Yoast SEO plugin v24.0 - https:\/\/yoast.com\/wordpress\/plugins\/seo\/ -->\n<title>Contact - Sanmed - Wytw\u00f3rnia sprz\u0119tu sanitarnego<\/title>\n<meta name=\"robots\" content=\"index, follow, max-snippet:-1, max-image-preview:large, max-video-preview:-1\" \/>\n<link rel=\"canonical\" href=\"https:\/\/sanmed.pl\/en\/contact\/\" \/>\n<meta property=\"og:locale\" content=\"en_US\" \/>\n<meta property=\"og:type\" content=\"article\" \/>\n<meta property=\"og:title\" content=\"Contact - Sanmed - Wytw\u00f3rnia sprz\u0119tu sanitarnego\" \/>\n<meta property=\"og:description\" content=\"Contact Wytw\u00f3rnia Sprz\u0119tu Sanitarnego &#8220;SANMED&#8221; Sp. z o.o. ul. Barcelo\u0144ska 62, 40-683 Katowicetel.+48 32 202 95 89KRS: 0000212882Regon: 003462907NIP: 634-012-70-85Kapita\u0142 Zak\u0142adowy: 52 000z\u0142Konto: PKO BP II O\/Katowice49 1020 2313 0000 3002 0128 8042 Godziny Otwarcia:Biuro: Poniedzia\u0142ek-Pi\u0105tek &#8211; 8:00 &#8211; 15:00Produkcja: Poniedzia\u0142ek-Pi\u0105tek &#8211; 7:00 &#8211; 15:00 Mail: sanmed@sanmed.pl Zam\u00f3wienia prosz\u0119 sk\u0142ada\u0107 drog\u0105 telefoniczn\u0105 lub mailow\u0105. Opcja [&hellip;]\" \/>\n<meta property=\"og:url\" content=\"https:\/\/sanmed.pl\/en\/contact\/\" \/>\n<meta property=\"og:site_name\" content=\"Sanmed - Wytw\u00f3rnia sprz\u0119tu sanitarnego\" \/>\n<meta property=\"article:modified_time\" content=\"2022-06-25T22:27:29+00:00\" \/>\n<meta name=\"twitter:card\" content=\"summary_large_image\" \/>\n<script type=\"application\/ld+json\" class=\"yoast-schema-graph\">{\"@context\":\"https:\/\/schema.org\",\"@graph\":[{\"@type\":\"WebPage\",\"@id\":\"https:\/\/sanmed.pl\/en\/contact\/\",\"url\":\"https:\/\/sanmed.pl\/en\/contact\/\",\"name\":\"Contact - Sanmed - Wytw\u00f3rnia sprz\u0119tu sanitarnego\",\"isPartOf\":{\"@id\":\"https:\/\/sanmed.pl\/#website\"},\"datePublished\":\"2022-05-25T19:28:35+00:00\",\"dateModified\":\"2022-06-25T22:27:29+00:00\",\"breadcrumb\":{\"@id\":\"https:\/\/sanmed.pl\/en\/contact\/#breadcrumb\"},\"inLanguage\":\"en-US\",\"potentialAction\":[{\"@type\":\"ReadAction\",\"target\":[\"https:\/\/sanmed.pl\/en\/contact\/\"]}]},{\"@type\":\"BreadcrumbList\",\"@id\":\"https:\/\/sanmed.pl\/en\/contact\/#breadcrumb\",\"itemListElement\":[{\"@type\":\"ListItem\",\"position\":1,\"name\":\"Strona g\u0142\u00f3wna\",\"item\":\"https:\/\/sanmed.pl\/en\/\"},{\"@type\":\"ListItem\",\"position\":2,\"name\":\"Contact\"}]},{\"@type\":\"WebSite\",\"@id\":\"https:\/\/sanmed.pl\/#website\",\"url\":\"https:\/\/sanmed.pl\/\",\"name\":\"Sanmed - Wytw\u00f3rnia sprz\u0119tu sanitarnego\",\"description\":\"Produkty najwy\u017cszej jako\u015bci\",\"publisher\":{\"@id\":\"https:\/\/sanmed.pl\/#organization\"},\"potentialAction\":[{\"@type\":\"SearchAction\",\"target\":{\"@type\":\"EntryPoint\",\"urlTemplate\":\"https:\/\/sanmed.pl\/?s={search_term_string}\"},\"query-input\":{\"@type\":\"PropertyValueSpecification\",\"valueRequired\":true,\"valueName\":\"search_term_string\"}}],\"inLanguage\":\"en-US\"},{\"@type\":\"Organization\",\"@id\":\"https:\/\/sanmed.pl\/#organization\",\"name\":\"SANMED\",\"url\":\"https:\/\/sanmed.pl\/\",\"logo\":{\"@type\":\"ImageObject\",\"inLanguage\":\"en-US\",\"@id\":\"https:\/\/sanmed.pl\/#\/schema\/logo\/image\/\",\"url\":\"https:\/\/sanmed.pl\/wp-content\/uploads\/2022\/05\/logo.png\",\"contentUrl\":\"https:\/\/sanmed.pl\/wp-content\/uploads\/2022\/05\/logo.png\",\"width\":236,\"height\":104,\"caption\":\"SANMED\"},\"image\":{\"@id\":\"https:\/\/sanmed.pl\/#\/schema\/logo\/image\/\"}}]}<\/script>\n<!-- \/ Yoast SEO plugin. -->","yoast_head_json":{"title":"Contact - Sanmed - Wytw\u00f3rnia sprz\u0119tu sanitarnego","robots":{"index":"index","follow":"follow","max-snippet":"max-snippet:-1","max-image-preview":"max-image-preview:large","max-video-preview":"max-video-preview:-1"},"canonical":"https:\/\/sanmed.pl\/en\/contact\/","og_locale":"en_US","og_type":"article","og_title":"Contact - Sanmed - Wytw\u00f3rnia sprz\u0119tu sanitarnego","og_description":"Contact Wytw\u00f3rnia Sprz\u0119tu Sanitarnego &#8220;SANMED&#8221; Sp. z o.o. ul. Barcelo\u0144ska 62, 40-683 Katowicetel.+48 32 202 95 89KRS: 0000212882Regon: 003462907NIP: 634-012-70-85Kapita\u0142 Zak\u0142adowy: 52 000z\u0142Konto: PKO BP II O\/Katowice49 1020 2313 0000 3002 0128 8042 Godziny Otwarcia:Biuro: Poniedzia\u0142ek-Pi\u0105tek &#8211; 8:00 &#8211; 15:00Produkcja: Poniedzia\u0142ek-Pi\u0105tek &#8211; 7:00 &#8211; 15:00 Mail: sanmed@sanmed.pl Zam\u00f3wienia prosz\u0119 sk\u0142ada\u0107 drog\u0105 telefoniczn\u0105 lub mailow\u0105. Opcja [&hellip;]","og_url":"https:\/\/sanmed.pl\/en\/contact\/","og_site_name":"Sanmed - Wytw\u00f3rnia sprz\u0119tu sanitarnego","article_modified_time":"2022-06-25T22:27:29+00:00","twitter_card":"summary_large_image","schema":{"@context":"https:\/\/schema.org","@graph":[{"@type":"WebPage","@id":"https:\/\/sanmed.pl\/en\/contact\/","url":"https:\/\/sanmed.pl\/en\/contact\/","name":"Contact - Sanmed - Wytw\u00f3rnia sprz\u0119tu sanitarnego","isPartOf":{"@id":"https:\/\/sanmed.pl\/#website"},"datePublished":"2022-05-25T19:28:35+00:00","dateModified":"2022-06-25T22:27:29+00:00","breadcrumb":{"@id":"https:\/\/sanmed.pl\/en\/contact\/#breadcrumb"},"inLanguage":"en-US","potentialAction":[{"@type":"ReadAction","target":["https:\/\/sanmed.pl\/en\/contact\/"]}]},{"@type":"BreadcrumbList","@id":"https:\/\/sanmed.pl\/en\/contact\/#breadcrumb","itemListElement":[{"@type":"ListItem","position":1,"name":"Strona g\u0142\u00f3wna","item":"https:\/\/sanmed.pl\/en\/"},{"@type":"ListItem","position":2,"name":"Contact"}]},{"@type":"WebSite","@id":"https:\/\/sanmed.pl\/#website","url":"https:\/\/sanmed.pl\/","name":"Sanmed - Wytw\u00f3rnia sprz\u0119tu sanitarnego","description":"Produkty najwy\u017cszej jako\u015bci","publisher":{"@id":"https:\/\/sanmed.pl\/#organization"},"potentialAction":[{"@type":"SearchAction","target":{"@type":"EntryPoint","urlTemplate":"https:\/\/sanmed.pl\/?s={search_term_string}"},"query-input":{"@type":"PropertyValueSpecification","valueRequired":true,"valueName":"search_term_string"}}],"inLanguage":"en-US"},{"@type":"Organization","@id":"https:\/\/sanmed.pl\/#organization","name":"SANMED","url":"https:\/\/sanmed.pl\/","logo":{"@type":"ImageObject","inLanguage":"en-US","@id":"https:\/\/sanmed.pl\/#\/schema\/logo\/image\/","url":"https:\/\/sanmed.pl\/wp-content\/uploads\/2022\/05\/logo.png","contentUrl":"https:\/\/sanmed.pl\/wp-content\/uploads\/2022\/05\/logo.png","width":236,"height":104,"caption":"SANMED"},"image":{"@id":"https:\/\/sanmed.pl\/#\/schema\/logo\/image\/"}}]}},"_links":{"self":[{"href":"https:\/\/sanmed.pl\/en\/wp-json\/wp\/v2\/pages\/692","targetHints":{"allow":["GET"]}}],"collection":[{"href":"https:\/\/sanmed.pl\/en\/wp-json\/wp\/v2\/pages"}],"about":[{"href":"https:\/\/sanmed.pl\/en\/wp-json\/wp\/v2\/types\/page"}],"author":[{"embeddable":true,"href":"https:\/\/sanmed.pl\/en\/wp-json\/wp\/v2\/users\/1"}],"replies":[{"embeddable":true,"href":"https:\/\/sanmed.pl\/en\/wp-json\/wp\/v2\/comments?post=692"}],"version-history":[{"count":3,"href":"https:\/\/sanmed.pl\/en\/wp-json\/wp\/v2\/pages\/692\/revisions"}],"predecessor-version":[{"id":784,"href":"https:\/\/sanmed.pl\/en\/wp-json\/wp\/v2\/pages\/692\/revisions\/784"}],"wp:attachment":[{"href":"https:\/\/sanmed.pl\/en\/wp-json\/wp\/v2\/media?parent=692"}],"curies":[{"name":"wp","href":"https:\/\/api.w.org\/{rel}","templated":true}]}}