{"id":718,"date":"2022-05-25T21:27:54","date_gmt":"2022-05-25T19:27:54","guid":{"rendered":"https:\/\/sanmed.pl\/solutions\/"},"modified":"2022-07-04T21:18:53","modified_gmt":"2022-07-04T19:18:53","slug":"solutions","status":"publish","type":"page","link":"https:\/\/sanmed.pl\/en\/solutions\/","title":{"rendered":"Solutions"},"content":{"rendered":"<div class=\"wp-block-stackable-columns alignfull stk-block-columns stk-block stk-10b47b4\" data-block-id=\"10b47b4\"><div class=\"stk-row stk-inner-blocks stk-block-content stk-content-align stk-10b47b4-column alignfull\"><div class=\"wp-block-stackable-column stk-block-column stk-column stk-block stk-6cc7b95\" data-block-id=\"6cc7b95\"><div class=\"stk-column-wrapper stk-block-column__content stk-container stk-6cc7b95-container stk--no-background stk--no-padding\"><div class=\"stk-block-content stk-inner-blocks\"><\/div><\/div><\/div><\/div><\/div><div class=\"wp-block-stackable-columns alignwide stk-block-columns stk-block stk-6a5740a\" data-block-id=\"6a5740a\"><div class=\"stk-row stk-inner-blocks stk-block-content stk-content-align stk-6a5740a-column alignwide\"><div class=\"wp-block-stackable-column stk-block-column stk-column stk-block stk-4affb67\" data-block-id=\"4affb67\"><style>@media screen and (min-width:768px){.stk-4affb67{flex:1 1 calc(75% - var(--stk-column-gap,0px) * 1 \/ 2 ) !important}}<\/style><div class=\"stk-column-wrapper stk-block-column__content stk-container stk-4affb67-container stk--no-background stk--no-padding\"><div class=\"stk-block-content stk-inner-blocks\"><div class=\"wp-block-stackable-heading stk-block-heading stk-block stk-1f47de5\" id=\"rozwiazania\" data-block-id=\"1f47de5\"><h1 class=\"stk-block-heading__text\"> Solutions <\/h1><\/div>\n\n<div class=\"wp-block-stackable-text stk-block-text stk-block stk-8b6df8b\" data-block-id=\"8b6df8b\"><p class=\"stk-block-text__text\">&#13;\nAll products are made with the best assemblies assured in Europe. We use stainless steel from Poland and Germany in the 00H18N PN grade so that our products are of the highest quality.<\/p><\/div>\n\n<div class=\"wp-block-stackable-text stk-block-text stk-block stk-4e9649f\" data-block-id=\"4e9649f\"><p class=\"stk-block-text__text\">TYNEX\u00ae bristles, the highest quality synthetic bristles, which the surgical brush is made of, come from the United States. The unique type of bristles has an antibacterial coating that prevents the development of antibacterial flora and has the function of returning to its original form after boiling.<\/p><\/div><\/div><\/div><\/div>\n\n<div class=\"wp-block-stackable-column stk-block-column stk-column stk-block stk-7331b8e\" data-block-id=\"7331b8e\"><style>.stk-7331b8e{margin-top:30px !important;margin-bottom:30px !important}@media screen and (min-width:768px){.stk-7331b8e{flex:1 1 calc(25% - var(--stk-column-gap,0px) * 1 \/ 2 ) !important}}.stk-7331b8e-container{border-radius:10px !important;overflow:hidden !important;border-style:dotted !important;border-color:var(--theme-palette-color-1,#27bcb8) !important;border-top-width:0px !important;border-right-width:0px !important;border-bottom-width:0px !important;border-left-width:1px !important}.stk-7331b8e .stk-block-column__content{padding-top:20px !important;padding-right:20px !important;padding-bottom:20px !important;padding-left:20px !important}<\/style><div class=\"stk-column-wrapper stk-block-column__content stk-container stk-7331b8e-container stk--no-background stk--no-padding\"><div class=\"stk-block-content stk-inner-blocks\"><div class=\"wp-block-stackable-icon-list sub-menu stk-block-icon-list has-text-color stk-block stk-ca32a62\" data-block-id=\"ca32a62\"><style>.stk-ca32a62 ul li,.stk-ca32a62 ol li{font-size:16px !important;color:var(--theme-palette-color-2,#23276e) !important;font-weight:600 !important;text-transform:uppercase !important;font-style:normal !important}@media screen and (max-width:1023px){.stk-ca32a62 ul li,.stk-ca32a62 ol li{font-size:16px !important}}.stk-ca32a62 li{margin-bottom:15px !important}.stk-ca32a62 ul li{list-style-image:url('data:image\/svg+xml;base64,PHN2ZyBhcmlhLWhpZGRlbj0idHJ1ZSIgZm9jdXNhYmxlPSJmYWxzZSIgZGF0YS1wcmVmaXg9ImZhcyIgZGF0YS1pY29uPSJhcnJvdy1yaWdodCIgY2xhc3M9InN2Zy1pbmxpbmUtLWZhIGZhLWFycm93LXJpZ2h0IGZhLXctMTQiIHJvbGU9ImltZyIgeG1sbnM9Imh0dHA6Ly93d3cudzMub3JnLzIwMDAvc3ZnIiB2aWV3Qm94PSIwIDAgNDQ4IDUxMiIgc3R5bGU9ImZpbGw6ICMyMzI3NmUgIWltcG9ydGFudDsgY29sb3I6ICMyMzI3NmUgIWltcG9ydGFudDt0cmFuc2Zvcm06IHJvdGF0ZShkZWcpICFpbXBvcnRhbnQ7Ij48cGF0aCBmaWxsPSIjMjMyNzZlIiBkPSJNMTkwLjUgNjYuOWwyMi4yLTIyLjJjOS40LTkuNCAyNC42LTkuNCAzMy45IDBMNDQxIDIzOWM5LjQgOS40IDkuNCAyNC42IDAgMzMuOUwyNDYuNiA0NjcuM2MtOS40IDkuNC0yNC42IDkuNC0zMy45IDBsLTIyLjItMjIuMmMtOS41LTkuNS05LjMtMjUgLjQtMzQuM0wzMTEuNCAyOTZIMjRjLTEzLjMgMC0yNC0xMC43LTI0LTI0di0zMmMwLTEzLjMgMTAuNy0yNCAyNC0yNGgyODcuNEwxOTAuOSAxMDEuMmMtOS44LTkuMy0xMC0yNC44LS40LTM0LjN6IiBzdHJva2U9IiMyMzI3NmUiIHN0eWxlPSJmaWxsOiByZ2IoMzUsIDM5LCAxMTApOyBzdHJva2U6IHJnYigzNSwgMzksIDExMCk7Ii8+PC9zdmc+') !important}.stk-ca32a62 li::marker{color:var(--theme-palette-color-2,#23276e) !important;font-size:0em !important}<\/style><ul><li><strong><a href=\"http:\/\/sanmed.pl\/rozwiazania\/antybakteryjna-stal-nierdzewna\/\" data-type=\"page\" data-id=\"128\">Antybakteryjna Stal Nierdzewna<\/a><\/strong><\/li><li><strong><a href=\"http:\/\/sanmed.pl\/rozwiazania\/produkty-do-sterylizacji\/\">Produkty do Sterylizacji<\/a><\/strong><\/li><li><strong><a href=\"http:\/\/sanmed.pl\/rozwiazania\/gwarancja-producenta\/\">Gwarancja Producenta<\/a><\/strong><\/li><li><strong><a href=\"http:\/\/sanmed.pl\/rozwiazania\/produkty-wykonane-recznie\/\" data-type=\"page\" data-id=\"134\">Produkty Wykonane R\u0119cznie<\/a><\/strong><\/li><li><strong><a href=\"http:\/\/sanmed.pl\/rozwiazania\/certyfikaty-atesty-wzory-patentowe\/\">Certyfikaty, Atesty, Wzory Patentowe<\/a><\/strong><\/li><\/ul><\/div><\/div><\/div><\/div><\/div><\/div>","protected":false},"excerpt":{"rendered":"<p>Solutions &#13; All products are made with the best assemblies assured in Europe. We use stainless steel from Poland and Germany in the 00H18N PN grade so that our products are of the highest quality. TYNEX\u00ae bristles, the highest quality synthetic bristles, which the surgical brush is made of, come from the United States. The [&hellip;]<\/p>\n","protected":false},"author":1,"featured_media":0,"parent":0,"menu_order":0,"comment_status":"closed","ping_status":"closed","template":"","meta":{"footnotes":""},"class_list":["post-718","page","type-page","status-publish","hentry"],"blocksy_meta":{"styles_descriptor":{"styles":{"desktop":"[data-prefix=\"single_page\"] {background-color:var(--theme-palette-color-8);background-image:none;}","tablet":"","mobile":""},"google_fonts":[],"version":6},"page_title_panel":"","has_hero_section":"default","13e8bc4ed86f9be6f17a6869d8e191ae":"","hero_section":"type-1","hero_elements":[{"id":"custom_title","enabled":true,"heading_tag":"h1","title":"Strona g\u0142\u00f3wna"},{"id":"custom_description","enabled":true,"description_visibility":{"desktop":true,"tablet":true,"mobile":false}},{"id":"custom_meta","enabled":false,"meta_elements":[{"id":"author","enabled":true,"label":"Przez","has_author_avatar":"yes","avatar_size":25},{"id":"post_date","enabled":true,"label":"W\u0142\u0105cz","date_format_source":"default","date_format":"M j, Y"},{"id":"updated_date","enabled":false,"label":"W\u0142\u0105cz","date_format_source":"default","date_format":"M j, Y"},{"id":"categories","enabled":false,"label":"W","style":"simple"},{"id":"comments","enabled":true}],"page_meta_elements":{"joined":true,"articles_count":true,"comments":true}},{"id":"breadcrumbs","enabled":false}],"49c94362c0576a78887f4ecf11673792":"","hero_alignment1":"CT_CSS_SKIP_RULE","hero_margin":40,"hero_alignment2":"center","hero_vertical_alignment":"center","5df899e71a23d3c72a76ca923476c7f0":"","hero_structure":"narrow","90045520ba1e33ee29882a4840a89ebc":"","page_title_bg_type":"featured_image","custom_hero_background":{"attachment_id":null},"page_title_image_size":"full","parallax":{"desktop":false,"tablet":false,"mobile":false},"d72a46efb4ed85f2a3d996c001e46a2c":"","hero_height":"250px","pageTitleFont":{"family":"Default","variation":"Default","size":"30px","line-height":"CT_CSS_SKIP_RULE","letter-spacing":"CT_CSS_SKIP_RULE","text-transform":"CT_CSS_SKIP_RULE","text-decoration":"CT_CSS_SKIP_RULE"},"pageTitleFontColor":{"default":{"color":"CT_CSS_SKIP_RULEDEFAULT"}},"pageMetaFont":{"family":"Default","variation":"n6","size":"12px","line-height":"1.3","letter-spacing":"CT_CSS_SKIP_RULE","text-transform":"uppercase","text-decoration":"CT_CSS_SKIP_RULE"},"pageMetaFontColor":{"default":{"color":"CT_CSS_SKIP_RULEDEFAULT"},"hover":{"color":"CT_CSS_SKIP_RULEDEFAULT"}},"page_meta_button_type_font_colors":{"default":{"color":"CT_CSS_SKIP_RULEDEFAULT"},"hover":{"color":"CT_CSS_SKIP_RULEDEFAULT"}},"page_meta_button_type_background_colors":{"default":{"color":"CT_CSS_SKIP_RULEDEFAULT"},"hover":{"color":"CT_CSS_SKIP_RULEDEFAULT"}},"pageExcerptFont":{"family":"Default","variation":"Default","size":"CT_CSS_SKIP_RULE","line-height":"CT_CSS_SKIP_RULE","letter-spacing":"CT_CSS_SKIP_RULE","text-transform":"CT_CSS_SKIP_RULE","text-decoration":"CT_CSS_SKIP_RULE"},"pageExcerptColor":{"default":{"color":"CT_CSS_SKIP_RULEDEFAULT"}},"breadcrumbsFont":{"family":"Default","variation":"Default","size":"CT_CSS_SKIP_RULE","line-height":"CT_CSS_SKIP_RULE","letter-spacing":"CT_CSS_SKIP_RULE","text-transform":"CT_CSS_SKIP_RULE","text-decoration":"CT_CSS_SKIP_RULE"},"breadcrumbsFontColor":{"default":{"color":"CT_CSS_SKIP_RULEDEFAULT"},"initial":{"color":"CT_CSS_SKIP_RULEDEFAULT"},"hover":{"color":"CT_CSS_SKIP_RULEDEFAULT"}},"pageTitleOverlay":{"background_type":"color","background_pattern":"type-1","background_image":{"attachment_id":null,"x":0,"y":0},"gradient":"linear-gradient(135deg,rgba(6,147,227,1) 0%,rgb(155,81,224) 100%)","background_repeat":"repeat","background_size":"auto","background_attachment":"scroll","patternColor":{"default":{"color":"#e5e7ea"}},"overlayColor":{"default":{"color":"CT_CSS_SKIP_RULE"}},"backgroundColor":{"default":{"color":"CT_CSS_SKIP_RULE"}}},"pageTitleBackground":{"background_type":"color","background_pattern":"type-1","background_image":{"attachment_id":null,"x":0,"y":0},"gradient":"linear-gradient(135deg,rgba(6,147,227,1) 0%,rgb(155,81,224) 100%)","background_repeat":"repeat","background_size":"auto","background_attachment":"scroll","patternColor":{"default":{"color":"#e5e7ea"}},"overlayColor":{"default":{"color":"CT_CSS_SKIP_RULE"}},"backgroundColor":{"default":{"color":"var(--theme-palette-color-6)"}}},"pageTitlePadding":{"top":"50px","bottom":"50px","left":"auto","right":"auto","linked":true},"b7fa2c797f34229715f5473a3a6a307b":"","page_structure_type":"default","76338824c4323c944a1607041fa4fbf1":"","content_style_source":"inherit","content_style":"wide","vertical_spacing_source":"inherit","content_area_spacing":"both","background":{"desktop":{"background_type":"color","background_pattern":"type-1","background_image":{"attachment_id":null,"x":0,"y":0},"gradient":"linear-gradient(135deg,rgba(6,147,227,1) 0%,rgb(155,81,224) 100%)","background_repeat":"repeat","background_size":"auto","background_attachment":"scroll","patternColor":{"default":{"color":"#e5e7ea"}},"overlayColor":{"default":{"color":"CT_CSS_SKIP_RULE"}},"backgroundColor":{"default":{"color":"var(--theme-palette-color-8)"}}},"tablet":{"background_type":"color","background_pattern":"type-1","background_image":{"attachment_id":null,"x":0,"y":0},"gradient":"linear-gradient(135deg,rgba(6,147,227,1) 0%,rgb(155,81,224) 100%)","background_repeat":"repeat","background_size":"auto","background_attachment":"scroll","patternColor":{"default":{"color":"#e5e7ea"}},"overlayColor":{"default":{"color":"CT_CSS_SKIP_RULE"}},"backgroundColor":{"default":{"color":"var(--theme-palette-color-8)"}}},"mobile":{"background_type":"color","background_pattern":"type-1","background_image":{"attachment_id":null,"x":0,"y":0},"gradient":"linear-gradient(135deg,rgba(6,147,227,1) 0%,rgb(155,81,224) 100%)","background_repeat":"repeat","background_size":"auto","background_attachment":"scroll","patternColor":{"default":{"color":"#e5e7ea"}},"overlayColor":{"default":{"color":"CT_CSS_SKIP_RULE"}},"backgroundColor":{"default":{"color":"var(--theme-palette-color-8)"}}},"__changed":[]},"content_background":{"background_type":"color","background_pattern":"type-1","background_image":{"attachment_id":null,"x":0,"y":0},"gradient":"linear-gradient(135deg,rgba(6,147,227,1) 0%,rgb(155,81,224) 100%)","background_repeat":"repeat","background_size":"auto","background_attachment":"scroll","patternColor":{"default":{"color":"#e5e7ea"}},"overlayColor":{"default":{"color":"CT_CSS_SKIP_RULE"}},"backgroundColor":{"default":{"color":"var(--theme-palette-color-8)"}}},"content_boxed_shadow":{"inherit":false,"blur":18,"spread":-6,"v_offset":12,"h_offset":0,"inset":false,"enable":true,"color":{"color":"rgba(34, 56, 101, 0.04)"}},"content_boxed_border":{"width":1,"style":"none","color":{"color":"rgba(44,62,80,0.2)"}},"content_boxed_radius":{"top":"3px","bottom":"3px","left":"3px","right":"3px","linked":true},"boxed_content_spacing":{"desktop":{"top":"40px","bottom":"40px","left":"40px","right":"40px","linked":true},"tablet":{"top":"35px","bottom":"35px","left":"35px","right":"35px","linked":true},"mobile":{"top":"20px","bottom":"20px","left":"20px","right":"20px","linked":true}},"5667cd195a5c0a170849044ea1f27057":"","disable_featured_image":"no","disable_share_box":"no","disable_header":"no","disable_footer":"no"},"featured_image_urls_v2":{"full":"","thumbnail":"","medium":"","medium_large":"","large":"","1536x1536":"","2048x2048":"","ultp_layout_landscape_large":"","ultp_layout_landscape":"","ultp_layout_portrait":"","ultp_layout_square":"","woocommerce_archive_thumbnail":"","woocommerce_thumbnail":"","woocommerce_single":"","woocommerce_gallery_thumbnail":""},"post_excerpt_stackable_v2":"<p>Solutions &#13; All products are made with the best assemblies assured in Europe. We use stainless steel from Poland and Germany in the 00H18N PN grade so that our products are of the highest quality. TYNEX\u00ae bristles, the highest quality synthetic bristles, which the surgical brush is made of, come from the United States. The unique type of bristles has an antibacterial coating that prevents the development of antibacterial flora and has the function of returning to its original form after boiling. Antybakteryjna Stal NierdzewnaProdukty do SterylizacjiGwarancja ProducentaProdukty Wykonane R\u0119cznieCertyfikaty, Atesty, Wzory Patentowe<\/p>\n","category_list_v2":"","author_info_v2":{"name":"sanmed","url":"https:\/\/sanmed.pl\/en\/author\/sanmed\/"},"comments_num_v2":"0 comments","yoast_head":"<!-- This site is optimized with the Yoast SEO plugin v24.0 - https:\/\/yoast.com\/wordpress\/plugins\/seo\/ -->\n<title>Solutions - Sanmed - Wytw\u00f3rnia sprz\u0119tu sanitarnego<\/title>\n<meta name=\"robots\" content=\"index, follow, max-snippet:-1, max-image-preview:large, max-video-preview:-1\" \/>\n<link rel=\"canonical\" href=\"https:\/\/sanmed.pl\/en\/solutions\/\" \/>\n<meta property=\"og:locale\" content=\"en_US\" \/>\n<meta property=\"og:type\" content=\"article\" \/>\n<meta property=\"og:title\" content=\"Solutions - Sanmed - Wytw\u00f3rnia sprz\u0119tu sanitarnego\" \/>\n<meta property=\"og:description\" content=\"Solutions &#013; All products are made with the best assemblies assured in Europe. We use stainless steel from Poland and Germany in the 00H18N PN grade so that our products are of the highest quality. TYNEX\u00ae bristles, the highest quality synthetic bristles, which the surgical brush is made of, come from the United States. The [&hellip;]\" \/>\n<meta property=\"og:url\" content=\"https:\/\/sanmed.pl\/en\/solutions\/\" \/>\n<meta property=\"og:site_name\" content=\"Sanmed - Wytw\u00f3rnia sprz\u0119tu sanitarnego\" \/>\n<meta property=\"article:modified_time\" content=\"2022-07-04T19:18:53+00:00\" \/>\n<meta name=\"twitter:card\" content=\"summary_large_image\" \/>\n<script type=\"application\/ld+json\" class=\"yoast-schema-graph\">{\"@context\":\"https:\/\/schema.org\",\"@graph\":[{\"@type\":\"WebPage\",\"@id\":\"https:\/\/sanmed.pl\/en\/solutions\/\",\"url\":\"https:\/\/sanmed.pl\/en\/solutions\/\",\"name\":\"Solutions - Sanmed - Wytw\u00f3rnia sprz\u0119tu sanitarnego\",\"isPartOf\":{\"@id\":\"https:\/\/sanmed.pl\/#website\"},\"datePublished\":\"2022-05-25T19:27:54+00:00\",\"dateModified\":\"2022-07-04T19:18:53+00:00\",\"breadcrumb\":{\"@id\":\"https:\/\/sanmed.pl\/en\/solutions\/#breadcrumb\"},\"inLanguage\":\"en-US\",\"potentialAction\":[{\"@type\":\"ReadAction\",\"target\":[\"https:\/\/sanmed.pl\/en\/solutions\/\"]}]},{\"@type\":\"BreadcrumbList\",\"@id\":\"https:\/\/sanmed.pl\/en\/solutions\/#breadcrumb\",\"itemListElement\":[{\"@type\":\"ListItem\",\"position\":1,\"name\":\"Strona g\u0142\u00f3wna\",\"item\":\"https:\/\/sanmed.pl\/en\/\"},{\"@type\":\"ListItem\",\"position\":2,\"name\":\"Solutions\"}]},{\"@type\":\"WebSite\",\"@id\":\"https:\/\/sanmed.pl\/#website\",\"url\":\"https:\/\/sanmed.pl\/\",\"name\":\"Sanmed - Wytw\u00f3rnia sprz\u0119tu sanitarnego\",\"description\":\"Produkty najwy\u017cszej jako\u015bci\",\"publisher\":{\"@id\":\"https:\/\/sanmed.pl\/#organization\"},\"potentialAction\":[{\"@type\":\"SearchAction\",\"target\":{\"@type\":\"EntryPoint\",\"urlTemplate\":\"https:\/\/sanmed.pl\/?s={search_term_string}\"},\"query-input\":{\"@type\":\"PropertyValueSpecification\",\"valueRequired\":true,\"valueName\":\"search_term_string\"}}],\"inLanguage\":\"en-US\"},{\"@type\":\"Organization\",\"@id\":\"https:\/\/sanmed.pl\/#organization\",\"name\":\"SANMED\",\"url\":\"https:\/\/sanmed.pl\/\",\"logo\":{\"@type\":\"ImageObject\",\"inLanguage\":\"en-US\",\"@id\":\"https:\/\/sanmed.pl\/#\/schema\/logo\/image\/\",\"url\":\"https:\/\/sanmed.pl\/wp-content\/uploads\/2022\/05\/logo.png\",\"contentUrl\":\"https:\/\/sanmed.pl\/wp-content\/uploads\/2022\/05\/logo.png\",\"width\":236,\"height\":104,\"caption\":\"SANMED\"},\"image\":{\"@id\":\"https:\/\/sanmed.pl\/#\/schema\/logo\/image\/\"}}]}<\/script>\n<!-- \/ Yoast SEO plugin. -->","yoast_head_json":{"title":"Solutions - Sanmed - Wytw\u00f3rnia sprz\u0119tu sanitarnego","robots":{"index":"index","follow":"follow","max-snippet":"max-snippet:-1","max-image-preview":"max-image-preview:large","max-video-preview":"max-video-preview:-1"},"canonical":"https:\/\/sanmed.pl\/en\/solutions\/","og_locale":"en_US","og_type":"article","og_title":"Solutions - Sanmed - Wytw\u00f3rnia sprz\u0119tu sanitarnego","og_description":"Solutions &#13; All products are made with the best assemblies assured in Europe. We use stainless steel from Poland and Germany in the 00H18N PN grade so that our products are of the highest quality. TYNEX\u00ae bristles, the highest quality synthetic bristles, which the surgical brush is made of, come from the United States. The [&hellip;]","og_url":"https:\/\/sanmed.pl\/en\/solutions\/","og_site_name":"Sanmed - Wytw\u00f3rnia sprz\u0119tu sanitarnego","article_modified_time":"2022-07-04T19:18:53+00:00","twitter_card":"summary_large_image","schema":{"@context":"https:\/\/schema.org","@graph":[{"@type":"WebPage","@id":"https:\/\/sanmed.pl\/en\/solutions\/","url":"https:\/\/sanmed.pl\/en\/solutions\/","name":"Solutions - Sanmed - Wytw\u00f3rnia sprz\u0119tu sanitarnego","isPartOf":{"@id":"https:\/\/sanmed.pl\/#website"},"datePublished":"2022-05-25T19:27:54+00:00","dateModified":"2022-07-04T19:18:53+00:00","breadcrumb":{"@id":"https:\/\/sanmed.pl\/en\/solutions\/#breadcrumb"},"inLanguage":"en-US","potentialAction":[{"@type":"ReadAction","target":["https:\/\/sanmed.pl\/en\/solutions\/"]}]},{"@type":"BreadcrumbList","@id":"https:\/\/sanmed.pl\/en\/solutions\/#breadcrumb","itemListElement":[{"@type":"ListItem","position":1,"name":"Strona g\u0142\u00f3wna","item":"https:\/\/sanmed.pl\/en\/"},{"@type":"ListItem","position":2,"name":"Solutions"}]},{"@type":"WebSite","@id":"https:\/\/sanmed.pl\/#website","url":"https:\/\/sanmed.pl\/","name":"Sanmed - Wytw\u00f3rnia sprz\u0119tu sanitarnego","description":"Produkty najwy\u017cszej jako\u015bci","publisher":{"@id":"https:\/\/sanmed.pl\/#organization"},"potentialAction":[{"@type":"SearchAction","target":{"@type":"EntryPoint","urlTemplate":"https:\/\/sanmed.pl\/?s={search_term_string}"},"query-input":{"@type":"PropertyValueSpecification","valueRequired":true,"valueName":"search_term_string"}}],"inLanguage":"en-US"},{"@type":"Organization","@id":"https:\/\/sanmed.pl\/#organization","name":"SANMED","url":"https:\/\/sanmed.pl\/","logo":{"@type":"ImageObject","inLanguage":"en-US","@id":"https:\/\/sanmed.pl\/#\/schema\/logo\/image\/","url":"https:\/\/sanmed.pl\/wp-content\/uploads\/2022\/05\/logo.png","contentUrl":"https:\/\/sanmed.pl\/wp-content\/uploads\/2022\/05\/logo.png","width":236,"height":104,"caption":"SANMED"},"image":{"@id":"https:\/\/sanmed.pl\/#\/schema\/logo\/image\/"}}]}},"_links":{"self":[{"href":"https:\/\/sanmed.pl\/en\/wp-json\/wp\/v2\/pages\/718","targetHints":{"allow":["GET"]}}],"collection":[{"href":"https:\/\/sanmed.pl\/en\/wp-json\/wp\/v2\/pages"}],"about":[{"href":"https:\/\/sanmed.pl\/en\/wp-json\/wp\/v2\/types\/page"}],"author":[{"embeddable":true,"href":"https:\/\/sanmed.pl\/en\/wp-json\/wp\/v2\/users\/1"}],"replies":[{"embeddable":true,"href":"https:\/\/sanmed.pl\/en\/wp-json\/wp\/v2\/comments?post=718"}],"version-history":[{"count":5,"href":"https:\/\/sanmed.pl\/en\/wp-json\/wp\/v2\/pages\/718\/revisions"}],"predecessor-version":[{"id":871,"href":"https:\/\/sanmed.pl\/en\/wp-json\/wp\/v2\/pages\/718\/revisions\/871"}],"wp:attachment":[{"href":"https:\/\/sanmed.pl\/en\/wp-json\/wp\/v2\/media?parent=718"}],"curies":[{"name":"wp","href":"https:\/\/api.w.org\/{rel}","templated":true}]}}