{"id":859,"date":"2022-06-12T14:30:33","date_gmt":"2022-06-12T12:30:33","guid":{"rendered":"https:\/\/sanmed.pl\/produkt\/brush-dispenser-with-wall-holder\/"},"modified":"2022-06-12T14:30:33","modified_gmt":"2022-06-12T12:30:33","slug":"brush-dispenser-with-wall-holder","status":"publish","type":"product","link":"https:\/\/sanmed.pl\/en\/produkt\/brush-dispenser-with-wall-holder\/","title":{"rendered":"Brush Dispenser with Wall Holder"},"content":{"rendered":"<pre id=\"tw-target-text\" class=\"tw-data-text tw-text-large tw-ta\" dir=\"ltr\" data-placeholder=\"T\u0142umaczenie\"><span class=\"Y2IQFc\" lang=\"en\" style=\"font-family: arial, helvetica, sans-serif;\"><strong>Advantages of the Super Brush Feeder - 2in1<\/strong>\r\n\r\n-  brush feeder for hanging on the wall\r\n-  Autoclave sterilization cassette\r\n- ergonomic design\r\n- the highest quality steel\r\n- a unique solution for closing and feeding brushes\r\n- has a special non-woven fabric for sterilization\r\n- special wall-mounted bracket<\/span><\/pre>\n","protected":false},"excerpt":{"rendered":"<p><span style=\"font-family: Arial, sans-serif;\"><b>Brush dispenser with wall holder<\/b><\/span><\/p>\n<p><span style=\"font-family: Arial, sans-serif;\">Tray for 10 pieces of brushes, surgical, suitable for sterilization in an autoclave.<\/span><\/p>\n<p><span style=\"font-family: Arial, sans-serif;\">Maintains the sterility of brushes which are individually removed from the front of the tray.<\/span><\/p>\n<p><span style=\"font-family: Arial, sans-serif;\">It is a multi-cassette dispenser and tank brushes for sterilization.<\/span><\/p>\n","protected":false},"featured_media":655,"template":"","meta":[],"product_cat":[80],"product_tag":[91],"class_list":{"0":"post-859","1":"product","2":"type-product","3":"status-publish","4":"has-post-thumbnail","6":"product_cat-brushes","7":"product_tag-brush-dispenser-with-wall-holder","9":"first","10":"instock","11":"taxable","12":"shipping-taxable","13":"purchasable","14":"product-type-simple"},"featured_image_urls_v2":{"full":["https:\/\/sanmed.pl\/wp-content\/uploads\/2022\/06\/PSyCh-kolor-Large.jpg",1080,1439,false],"thumbnail":["https:\/\/sanmed.pl\/wp-content\/uploads\/2022\/06\/PSyCh-kolor-Large-150x150.jpg",150,150,true],"medium":["https:\/\/sanmed.pl\/wp-content\/uploads\/2022\/06\/PSyCh-kolor-Large-225x300.jpg",225,300,true],"medium_large":["https:\/\/sanmed.pl\/wp-content\/uploads\/2022\/06\/PSyCh-kolor-Large-768x1023.jpg",768,1023,true],"large":["https:\/\/sanmed.pl\/wp-content\/uploads\/2022\/06\/PSyCh-kolor-Large-769x1024.jpg",769,1024,true],"1536x1536":["https:\/\/sanmed.pl\/wp-content\/uploads\/2022\/06\/PSyCh-kolor-Large.jpg",1080,1439,false],"2048x2048":["https:\/\/sanmed.pl\/wp-content\/uploads\/2022\/06\/PSyCh-kolor-Large.jpg",1080,1439,false],"ultp_layout_landscape_large":["https:\/\/sanmed.pl\/wp-content\/uploads\/2022\/06\/PSyCh-kolor-Large-1080x800.jpg",1080,800,true],"ultp_layout_landscape":["https:\/\/sanmed.pl\/wp-content\/uploads\/2022\/06\/PSyCh-kolor-Large-870x570.jpg",870,570,true],"ultp_layout_portrait":["https:\/\/sanmed.pl\/wp-content\/uploads\/2022\/06\/PSyCh-kolor-Large-600x900.jpg",600,900,true],"ultp_layout_square":["https:\/\/sanmed.pl\/wp-content\/uploads\/2022\/06\/PSyCh-kolor-Large-600x600.jpg",600,600,true],"woocommerce_archive_thumbnail":["https:\/\/sanmed.pl\/wp-content\/uploads\/2022\/06\/PSyCh-kolor-Large.jpg",300,400,false],"woocommerce_thumbnail":["https:\/\/sanmed.pl\/wp-content\/uploads\/2022\/06\/PSyCh-kolor-Large-300x400.jpg",300,400,true],"woocommerce_single":["https:\/\/sanmed.pl\/wp-content\/uploads\/2022\/06\/PSyCh-kolor-Large-600x799.jpg",600,799,true],"woocommerce_gallery_thumbnail":["https:\/\/sanmed.pl\/wp-content\/uploads\/2022\/06\/PSyCh-kolor-Large-100x100.jpg",100,100,true]},"post_excerpt_stackable_v2":"<p><span style=\"font-family: Arial, sans-serif;\"><b>Brush dispenser with wall holder<\/b><\/span><\/p>\n<p><span style=\"font-family: Arial, sans-serif;\">Tray for 10 pieces of brushes, surgical, suitable for sterilization in an autoclave.<\/span><\/p>\n<p><span style=\"font-family: Arial, sans-serif;\">Maintains the sterility of brushes which are individually removed from the front of the tray.<\/span><\/p>\n<p><span style=\"font-family: Arial, sans-serif;\">It is a multi-cassette dispenser and tank brushes for sterilization.<\/span><\/p>\n","category_list_v2":"","author_info_v2":{"name":"","url":""},"comments_num_v2":"0 comments","yoast_head":"<!-- This site is optimized with the Yoast SEO plugin v24.0 - https:\/\/yoast.com\/wordpress\/plugins\/seo\/ -->\n<title>Brush Dispenser with Wall Holder - Sanmed - Wytw\u00f3rnia sprz\u0119tu sanitarnego<\/title>\n<meta name=\"robots\" content=\"index, follow, max-snippet:-1, max-image-preview:large, max-video-preview:-1\" \/>\n<link rel=\"canonical\" href=\"https:\/\/sanmed.pl\/en\/produkt\/brush-dispenser-with-wall-holder\/\" \/>\n<meta property=\"og:locale\" content=\"en_US\" \/>\n<meta property=\"og:type\" content=\"article\" \/>\n<meta property=\"og:title\" content=\"Brush Dispenser with Wall Holder - Sanmed - Wytw\u00f3rnia sprz\u0119tu sanitarnego\" \/>\n<meta property=\"og:description\" content=\"Brush dispenser with wall holder  Tray for 10 pieces of brushes, surgical, suitable for sterilization in an autoclave.  Maintains the sterility of brushes which are individually removed from the front of the tray.  It is a multi-cassette dispenser and tank brushes for sterilization.\" \/>\n<meta property=\"og:url\" content=\"https:\/\/sanmed.pl\/en\/produkt\/brush-dispenser-with-wall-holder\/\" \/>\n<meta property=\"og:site_name\" content=\"Sanmed - Wytw\u00f3rnia sprz\u0119tu sanitarnego\" \/>\n<meta property=\"og:image\" content=\"https:\/\/sanmed.pl\/wp-content\/uploads\/2022\/06\/PSyCh-kolor-Large.jpg\" \/>\n\t<meta property=\"og:image:width\" content=\"1080\" \/>\n\t<meta property=\"og:image:height\" content=\"1439\" \/>\n\t<meta property=\"og:image:type\" content=\"image\/jpeg\" \/>\n<meta name=\"twitter:card\" content=\"summary_large_image\" \/>\n<script type=\"application\/ld+json\" class=\"yoast-schema-graph\">{\"@context\":\"https:\/\/schema.org\",\"@graph\":[{\"@type\":\"WebPage\",\"@id\":\"https:\/\/sanmed.pl\/en\/produkt\/brush-dispenser-with-wall-holder\/\",\"url\":\"https:\/\/sanmed.pl\/en\/produkt\/brush-dispenser-with-wall-holder\/\",\"name\":\"Brush Dispenser with Wall Holder - Sanmed - Wytw\u00f3rnia sprz\u0119tu sanitarnego\",\"isPartOf\":{\"@id\":\"https:\/\/sanmed.pl\/#website\"},\"primaryImageOfPage\":{\"@id\":\"https:\/\/sanmed.pl\/en\/produkt\/brush-dispenser-with-wall-holder\/#primaryimage\"},\"image\":{\"@id\":\"https:\/\/sanmed.pl\/en\/produkt\/brush-dispenser-with-wall-holder\/#primaryimage\"},\"thumbnailUrl\":\"https:\/\/sanmed.pl\/wp-content\/uploads\/2022\/06\/PSyCh-kolor-Large.jpg\",\"datePublished\":\"2022-06-12T12:30:33+00:00\",\"dateModified\":\"2022-06-12T12:30:33+00:00\",\"breadcrumb\":{\"@id\":\"https:\/\/sanmed.pl\/en\/produkt\/brush-dispenser-with-wall-holder\/#breadcrumb\"},\"inLanguage\":\"en-US\",\"potentialAction\":[{\"@type\":\"ReadAction\",\"target\":[\"https:\/\/sanmed.pl\/en\/produkt\/brush-dispenser-with-wall-holder\/\"]}]},{\"@type\":\"ImageObject\",\"inLanguage\":\"en-US\",\"@id\":\"https:\/\/sanmed.pl\/en\/produkt\/brush-dispenser-with-wall-holder\/#primaryimage\",\"url\":\"https:\/\/sanmed.pl\/wp-content\/uploads\/2022\/06\/PSyCh-kolor-Large.jpg\",\"contentUrl\":\"https:\/\/sanmed.pl\/wp-content\/uploads\/2022\/06\/PSyCh-kolor-Large.jpg\",\"width\":1080,\"height\":1439,\"caption\":\"Szczoteczka chirurgiczna SuperBrush300\"},{\"@type\":\"BreadcrumbList\",\"@id\":\"https:\/\/sanmed.pl\/en\/produkt\/brush-dispenser-with-wall-holder\/#breadcrumb\",\"itemListElement\":[{\"@type\":\"ListItem\",\"position\":1,\"name\":\"Strona g\u0142\u00f3wna\",\"item\":\"https:\/\/sanmed.pl\/en\/\"},{\"@type\":\"ListItem\",\"position\":2,\"name\":\"Shop\",\"item\":\"https:\/\/sanmed.pl\/en\/shop\/\"},{\"@type\":\"ListItem\",\"position\":3,\"name\":\"Brush Dispenser with Wall Holder\"}]},{\"@type\":\"WebSite\",\"@id\":\"https:\/\/sanmed.pl\/#website\",\"url\":\"https:\/\/sanmed.pl\/\",\"name\":\"Sanmed - Wytw\u00f3rnia sprz\u0119tu sanitarnego\",\"description\":\"Produkty najwy\u017cszej jako\u015bci\",\"publisher\":{\"@id\":\"https:\/\/sanmed.pl\/#organization\"},\"potentialAction\":[{\"@type\":\"SearchAction\",\"target\":{\"@type\":\"EntryPoint\",\"urlTemplate\":\"https:\/\/sanmed.pl\/?s={search_term_string}\"},\"query-input\":{\"@type\":\"PropertyValueSpecification\",\"valueRequired\":true,\"valueName\":\"search_term_string\"}}],\"inLanguage\":\"en-US\"},{\"@type\":\"Organization\",\"@id\":\"https:\/\/sanmed.pl\/#organization\",\"name\":\"SANMED\",\"url\":\"https:\/\/sanmed.pl\/\",\"logo\":{\"@type\":\"ImageObject\",\"inLanguage\":\"en-US\",\"@id\":\"https:\/\/sanmed.pl\/#\/schema\/logo\/image\/\",\"url\":\"https:\/\/sanmed.pl\/wp-content\/uploads\/2022\/05\/logo.png\",\"contentUrl\":\"https:\/\/sanmed.pl\/wp-content\/uploads\/2022\/05\/logo.png\",\"width\":236,\"height\":104,\"caption\":\"SANMED\"},\"image\":{\"@id\":\"https:\/\/sanmed.pl\/#\/schema\/logo\/image\/\"}}]}<\/script>\n<!-- \/ Yoast SEO plugin. -->","yoast_head_json":{"title":"Brush Dispenser with Wall Holder - Sanmed - Wytw\u00f3rnia sprz\u0119tu sanitarnego","robots":{"index":"index","follow":"follow","max-snippet":"max-snippet:-1","max-image-preview":"max-image-preview:large","max-video-preview":"max-video-preview:-1"},"canonical":"https:\/\/sanmed.pl\/en\/produkt\/brush-dispenser-with-wall-holder\/","og_locale":"en_US","og_type":"article","og_title":"Brush Dispenser with Wall Holder - Sanmed - Wytw\u00f3rnia sprz\u0119tu sanitarnego","og_description":"Brush dispenser with wall holder  Tray for 10 pieces of brushes, surgical, suitable for sterilization in an autoclave.  Maintains the sterility of brushes which are individually removed from the front of the tray.  It is a multi-cassette dispenser and tank brushes for sterilization.","og_url":"https:\/\/sanmed.pl\/en\/produkt\/brush-dispenser-with-wall-holder\/","og_site_name":"Sanmed - Wytw\u00f3rnia sprz\u0119tu sanitarnego","og_image":[{"width":1080,"height":1439,"url":"https:\/\/sanmed.pl\/wp-content\/uploads\/2022\/06\/PSyCh-kolor-Large.jpg","type":"image\/jpeg"}],"twitter_card":"summary_large_image","schema":{"@context":"https:\/\/schema.org","@graph":[{"@type":"WebPage","@id":"https:\/\/sanmed.pl\/en\/produkt\/brush-dispenser-with-wall-holder\/","url":"https:\/\/sanmed.pl\/en\/produkt\/brush-dispenser-with-wall-holder\/","name":"Brush Dispenser with Wall Holder - Sanmed - Wytw\u00f3rnia sprz\u0119tu sanitarnego","isPartOf":{"@id":"https:\/\/sanmed.pl\/#website"},"primaryImageOfPage":{"@id":"https:\/\/sanmed.pl\/en\/produkt\/brush-dispenser-with-wall-holder\/#primaryimage"},"image":{"@id":"https:\/\/sanmed.pl\/en\/produkt\/brush-dispenser-with-wall-holder\/#primaryimage"},"thumbnailUrl":"https:\/\/sanmed.pl\/wp-content\/uploads\/2022\/06\/PSyCh-kolor-Large.jpg","datePublished":"2022-06-12T12:30:33+00:00","dateModified":"2022-06-12T12:30:33+00:00","breadcrumb":{"@id":"https:\/\/sanmed.pl\/en\/produkt\/brush-dispenser-with-wall-holder\/#breadcrumb"},"inLanguage":"en-US","potentialAction":[{"@type":"ReadAction","target":["https:\/\/sanmed.pl\/en\/produkt\/brush-dispenser-with-wall-holder\/"]}]},{"@type":"ImageObject","inLanguage":"en-US","@id":"https:\/\/sanmed.pl\/en\/produkt\/brush-dispenser-with-wall-holder\/#primaryimage","url":"https:\/\/sanmed.pl\/wp-content\/uploads\/2022\/06\/PSyCh-kolor-Large.jpg","contentUrl":"https:\/\/sanmed.pl\/wp-content\/uploads\/2022\/06\/PSyCh-kolor-Large.jpg","width":1080,"height":1439,"caption":"Szczoteczka chirurgiczna SuperBrush300"},{"@type":"BreadcrumbList","@id":"https:\/\/sanmed.pl\/en\/produkt\/brush-dispenser-with-wall-holder\/#breadcrumb","itemListElement":[{"@type":"ListItem","position":1,"name":"Strona g\u0142\u00f3wna","item":"https:\/\/sanmed.pl\/en\/"},{"@type":"ListItem","position":2,"name":"Shop","item":"https:\/\/sanmed.pl\/en\/shop\/"},{"@type":"ListItem","position":3,"name":"Brush Dispenser with Wall Holder"}]},{"@type":"WebSite","@id":"https:\/\/sanmed.pl\/#website","url":"https:\/\/sanmed.pl\/","name":"Sanmed - Wytw\u00f3rnia sprz\u0119tu sanitarnego","description":"Produkty najwy\u017cszej jako\u015bci","publisher":{"@id":"https:\/\/sanmed.pl\/#organization"},"potentialAction":[{"@type":"SearchAction","target":{"@type":"EntryPoint","urlTemplate":"https:\/\/sanmed.pl\/?s={search_term_string}"},"query-input":{"@type":"PropertyValueSpecification","valueRequired":true,"valueName":"search_term_string"}}],"inLanguage":"en-US"},{"@type":"Organization","@id":"https:\/\/sanmed.pl\/#organization","name":"SANMED","url":"https:\/\/sanmed.pl\/","logo":{"@type":"ImageObject","inLanguage":"en-US","@id":"https:\/\/sanmed.pl\/#\/schema\/logo\/image\/","url":"https:\/\/sanmed.pl\/wp-content\/uploads\/2022\/05\/logo.png","contentUrl":"https:\/\/sanmed.pl\/wp-content\/uploads\/2022\/05\/logo.png","width":236,"height":104,"caption":"SANMED"},"image":{"@id":"https:\/\/sanmed.pl\/#\/schema\/logo\/image\/"}}]}},"_links":{"self":[{"href":"https:\/\/sanmed.pl\/en\/wp-json\/wp\/v2\/product\/859","targetHints":{"allow":["GET"]}}],"collection":[{"href":"https:\/\/sanmed.pl\/en\/wp-json\/wp\/v2\/product"}],"about":[{"href":"https:\/\/sanmed.pl\/en\/wp-json\/wp\/v2\/types\/product"}],"wp:featuredmedia":[{"embeddable":true,"href":"https:\/\/sanmed.pl\/en\/wp-json\/wp\/v2\/media\/655"}],"wp:attachment":[{"href":"https:\/\/sanmed.pl\/en\/wp-json\/wp\/v2\/media?parent=859"}],"wp:term":[{"taxonomy":"product_cat","embeddable":true,"href":"https:\/\/sanmed.pl\/en\/wp-json\/wp\/v2\/product_cat?post=859"},{"taxonomy":"product_tag","embeddable":true,"href":"https:\/\/sanmed.pl\/en\/wp-json\/wp\/v2\/product_tag?post=859"}],"curies":[{"name":"wp","href":"https:\/\/api.w.org\/{rel}","templated":true}]}}