{"id":860,"date":"2024-01-12T14:33:36","date_gmt":"2024-01-12T13:33:36","guid":{"rendered":"https:\/\/sanmed.pl\/produkt\/fountain-watercube50\/"},"modified":"2022-07-04T21:55:00","modified_gmt":"2022-07-04T19:55:00","slug":"fontanna-water-cube","status":"publish","type":"product","link":"https:\/\/sanmed.pl\/en\/produkt\/fontanna-water-cube\/","title":{"rendered":"FOUNTAIN WaterCube"},"content":{"rendered":"<p>The Water Cube fountain is a stainless steel cube.<\/p>\n<p>It serves as an ornament in gardens, parks and homes.<\/p>\n<p>Made in very good quality.<\/p>\n<p>&nbsp;<\/p>\n<p><a href=\"https:\/\/www.youtube.com\/watch?v=Wyu4wRd29dM&amp;feature=youtu.be\">WATCH A MOVIE<\/a> of how the fountain works<\/p>\n<p><a href=\"https:\/\/www.youtube.com\/shorts\/pVrAbO1VBGs\">WATCH A MOVIE<\/a> of how the fountain works<\/p>\n","protected":false},"excerpt":{"rendered":"<p>The Water Cube fountain is a stainless steel cube. It serves as an ornament in gardens, parks and homes.<\/p>\n<p>&nbsp;<\/p>\n<p><span style=\"color: #800000;\"><strong>Delivery time 21 business days.<\/strong><\/span><\/p>\n","protected":false},"featured_media":637,"template":"","meta":[],"product_cat":[76],"product_tag":[94,107,108,92,93],"class_list":{"0":"post-860","1":"product","2":"type-product","3":"status-publish","4":"has-post-thumbnail","6":"product_cat-fountains","7":"product_tag-cube-fountain","8":"product_tag-fontanna-stal-nierdzewna-en","9":"product_tag-fontanna-szescian-en","10":"product_tag-garden-fountain","11":"product_tag-steel-fountain","12":"product_shipping_class-gb-en","14":"first","15":"onbackorder","16":"taxable","17":"shipping-taxable","18":"purchasable","19":"product-type-variable","20":"has-default-attributes"},"featured_image_urls_v2":{"full":["https:\/\/sanmed.pl\/wp-content\/uploads\/2022\/06\/75.jpeg",2048,1536,false],"thumbnail":["https:\/\/sanmed.pl\/wp-content\/uploads\/2022\/06\/75-150x150.jpeg",150,150,true],"medium":["https:\/\/sanmed.pl\/wp-content\/uploads\/2022\/06\/75-300x225.jpeg",300,225,true],"medium_large":["https:\/\/sanmed.pl\/wp-content\/uploads\/2022\/06\/75-768x576.jpeg",768,576,true],"large":["https:\/\/sanmed.pl\/wp-content\/uploads\/2022\/06\/75-1024x768.jpeg",1024,768,true],"1536x1536":["https:\/\/sanmed.pl\/wp-content\/uploads\/2022\/06\/75-1536x1152.jpeg",1536,1152,true],"2048x2048":["https:\/\/sanmed.pl\/wp-content\/uploads\/2022\/06\/75.jpeg",2048,1536,false],"ultp_layout_landscape_large":["https:\/\/sanmed.pl\/wp-content\/uploads\/2022\/06\/75-1200x800.jpeg",1200,800,true],"ultp_layout_landscape":["https:\/\/sanmed.pl\/wp-content\/uploads\/2022\/06\/75-870x570.jpeg",870,570,true],"ultp_layout_portrait":["https:\/\/sanmed.pl\/wp-content\/uploads\/2022\/06\/75-600x900.jpeg",600,900,true],"ultp_layout_square":["https:\/\/sanmed.pl\/wp-content\/uploads\/2022\/06\/75-600x600.jpeg",600,600,true],"woocommerce_archive_thumbnail":["https:\/\/sanmed.pl\/wp-content\/uploads\/2022\/06\/75-300x400.jpeg",300,400,true],"woocommerce_thumbnail":["https:\/\/sanmed.pl\/wp-content\/uploads\/2022\/06\/75-300x400.jpeg",300,400,true],"woocommerce_single":["https:\/\/sanmed.pl\/wp-content\/uploads\/2022\/06\/75-600x450.jpeg",600,450,true],"woocommerce_gallery_thumbnail":["https:\/\/sanmed.pl\/wp-content\/uploads\/2022\/06\/75-100x100.jpeg",100,100,true]},"post_excerpt_stackable_v2":"<p>The Water Cube fountain is a stainless steel cube. It serves as an ornament in gardens, parks and homes.<\/p>\n<p>&nbsp;<\/p>\n<p><span style=\"color: #800000;\"><strong>Delivery time 21 business days.<\/strong><\/span><\/p>\n","category_list_v2":"","author_info_v2":{"name":"","url":""},"comments_num_v2":"0 comments","yoast_head":"<!-- This site is optimized with the Yoast SEO plugin v24.0 - https:\/\/yoast.com\/wordpress\/plugins\/seo\/ -->\n<title>FOUNTAIN WaterCube - Sanmed - Wytw\u00f3rnia sprz\u0119tu sanitarnego<\/title>\n<meta name=\"robots\" content=\"index, follow, max-snippet:-1, max-image-preview:large, max-video-preview:-1\" \/>\n<link rel=\"canonical\" href=\"https:\/\/sanmed.pl\/en\/produkt\/fontanna-water-cube\/\" \/>\n<meta property=\"og:locale\" content=\"en_US\" \/>\n<meta property=\"og:type\" content=\"article\" \/>\n<meta property=\"og:title\" content=\"FOUNTAIN WaterCube - Sanmed - Wytw\u00f3rnia sprz\u0119tu sanitarnego\" \/>\n<meta property=\"og:description\" content=\"The Water Cube fountain is a stainless steel cube. It serves as an ornament in gardens, parks and homes.  &nbsp;  Delivery time 21 business days.\" \/>\n<meta property=\"og:url\" content=\"https:\/\/sanmed.pl\/en\/produkt\/fontanna-water-cube\/\" \/>\n<meta property=\"og:site_name\" content=\"Sanmed - Wytw\u00f3rnia sprz\u0119tu sanitarnego\" \/>\n<meta property=\"article:modified_time\" content=\"2022-07-04T19:55:00+00:00\" \/>\n<meta property=\"og:image\" content=\"https:\/\/sanmed.pl\/wp-content\/uploads\/2022\/06\/75.jpeg\" \/>\n\t<meta property=\"og:image:width\" content=\"2048\" \/>\n\t<meta property=\"og:image:height\" content=\"1536\" \/>\n\t<meta property=\"og:image:type\" content=\"image\/jpeg\" \/>\n<meta name=\"twitter:card\" content=\"summary_large_image\" \/>\n<script type=\"application\/ld+json\" class=\"yoast-schema-graph\">{\"@context\":\"https:\/\/schema.org\",\"@graph\":[{\"@type\":\"WebPage\",\"@id\":\"https:\/\/sanmed.pl\/en\/produkt\/fontanna-water-cube\/\",\"url\":\"https:\/\/sanmed.pl\/en\/produkt\/fontanna-water-cube\/\",\"name\":\"FOUNTAIN WaterCube - Sanmed - Wytw\u00f3rnia sprz\u0119tu sanitarnego\",\"isPartOf\":{\"@id\":\"https:\/\/sanmed.pl\/#website\"},\"primaryImageOfPage\":{\"@id\":\"https:\/\/sanmed.pl\/en\/produkt\/fontanna-water-cube\/#primaryimage\"},\"image\":{\"@id\":\"https:\/\/sanmed.pl\/en\/produkt\/fontanna-water-cube\/#primaryimage\"},\"thumbnailUrl\":\"https:\/\/sanmed.pl\/wp-content\/uploads\/2022\/06\/75.jpeg\",\"datePublished\":\"2024-01-12T13:33:36+00:00\",\"dateModified\":\"2022-07-04T19:55:00+00:00\",\"breadcrumb\":{\"@id\":\"https:\/\/sanmed.pl\/en\/produkt\/fontanna-water-cube\/#breadcrumb\"},\"inLanguage\":\"en-US\",\"potentialAction\":[{\"@type\":\"ReadAction\",\"target\":[\"https:\/\/sanmed.pl\/en\/produkt\/fontanna-water-cube\/\"]}]},{\"@type\":\"ImageObject\",\"inLanguage\":\"en-US\",\"@id\":\"https:\/\/sanmed.pl\/en\/produkt\/fontanna-water-cube\/#primaryimage\",\"url\":\"https:\/\/sanmed.pl\/wp-content\/uploads\/2022\/06\/75.jpeg\",\"contentUrl\":\"https:\/\/sanmed.pl\/wp-content\/uploads\/2022\/06\/75.jpeg\",\"width\":2048,\"height\":1536,\"caption\":\"Fontanna\"},{\"@type\":\"BreadcrumbList\",\"@id\":\"https:\/\/sanmed.pl\/en\/produkt\/fontanna-water-cube\/#breadcrumb\",\"itemListElement\":[{\"@type\":\"ListItem\",\"position\":1,\"name\":\"Strona g\u0142\u00f3wna\",\"item\":\"https:\/\/sanmed.pl\/en\/\"},{\"@type\":\"ListItem\",\"position\":2,\"name\":\"Shop\",\"item\":\"https:\/\/sanmed.pl\/en\/shop\/\"},{\"@type\":\"ListItem\",\"position\":3,\"name\":\"FOUNTAIN WaterCube\"}]},{\"@type\":\"WebSite\",\"@id\":\"https:\/\/sanmed.pl\/#website\",\"url\":\"https:\/\/sanmed.pl\/\",\"name\":\"Sanmed - Wytw\u00f3rnia sprz\u0119tu sanitarnego\",\"description\":\"Produkty najwy\u017cszej jako\u015bci\",\"publisher\":{\"@id\":\"https:\/\/sanmed.pl\/#organization\"},\"potentialAction\":[{\"@type\":\"SearchAction\",\"target\":{\"@type\":\"EntryPoint\",\"urlTemplate\":\"https:\/\/sanmed.pl\/?s={search_term_string}\"},\"query-input\":{\"@type\":\"PropertyValueSpecification\",\"valueRequired\":true,\"valueName\":\"search_term_string\"}}],\"inLanguage\":\"en-US\"},{\"@type\":\"Organization\",\"@id\":\"https:\/\/sanmed.pl\/#organization\",\"name\":\"SANMED\",\"url\":\"https:\/\/sanmed.pl\/\",\"logo\":{\"@type\":\"ImageObject\",\"inLanguage\":\"en-US\",\"@id\":\"https:\/\/sanmed.pl\/#\/schema\/logo\/image\/\",\"url\":\"https:\/\/sanmed.pl\/wp-content\/uploads\/2022\/05\/logo.png\",\"contentUrl\":\"https:\/\/sanmed.pl\/wp-content\/uploads\/2022\/05\/logo.png\",\"width\":236,\"height\":104,\"caption\":\"SANMED\"},\"image\":{\"@id\":\"https:\/\/sanmed.pl\/#\/schema\/logo\/image\/\"}}]}<\/script>\n<!-- \/ Yoast SEO plugin. -->","yoast_head_json":{"title":"FOUNTAIN WaterCube - Sanmed - Wytw\u00f3rnia sprz\u0119tu sanitarnego","robots":{"index":"index","follow":"follow","max-snippet":"max-snippet:-1","max-image-preview":"max-image-preview:large","max-video-preview":"max-video-preview:-1"},"canonical":"https:\/\/sanmed.pl\/en\/produkt\/fontanna-water-cube\/","og_locale":"en_US","og_type":"article","og_title":"FOUNTAIN WaterCube - Sanmed - Wytw\u00f3rnia sprz\u0119tu sanitarnego","og_description":"The Water Cube fountain is a stainless steel cube. It serves as an ornament in gardens, parks and homes.  &nbsp;  Delivery time 21 business days.","og_url":"https:\/\/sanmed.pl\/en\/produkt\/fontanna-water-cube\/","og_site_name":"Sanmed - Wytw\u00f3rnia sprz\u0119tu sanitarnego","article_modified_time":"2022-07-04T19:55:00+00:00","og_image":[{"width":2048,"height":1536,"url":"https:\/\/sanmed.pl\/wp-content\/uploads\/2022\/06\/75.jpeg","type":"image\/jpeg"}],"twitter_card":"summary_large_image","schema":{"@context":"https:\/\/schema.org","@graph":[{"@type":"WebPage","@id":"https:\/\/sanmed.pl\/en\/produkt\/fontanna-water-cube\/","url":"https:\/\/sanmed.pl\/en\/produkt\/fontanna-water-cube\/","name":"FOUNTAIN WaterCube - Sanmed - Wytw\u00f3rnia sprz\u0119tu sanitarnego","isPartOf":{"@id":"https:\/\/sanmed.pl\/#website"},"primaryImageOfPage":{"@id":"https:\/\/sanmed.pl\/en\/produkt\/fontanna-water-cube\/#primaryimage"},"image":{"@id":"https:\/\/sanmed.pl\/en\/produkt\/fontanna-water-cube\/#primaryimage"},"thumbnailUrl":"https:\/\/sanmed.pl\/wp-content\/uploads\/2022\/06\/75.jpeg","datePublished":"2024-01-12T13:33:36+00:00","dateModified":"2022-07-04T19:55:00+00:00","breadcrumb":{"@id":"https:\/\/sanmed.pl\/en\/produkt\/fontanna-water-cube\/#breadcrumb"},"inLanguage":"en-US","potentialAction":[{"@type":"ReadAction","target":["https:\/\/sanmed.pl\/en\/produkt\/fontanna-water-cube\/"]}]},{"@type":"ImageObject","inLanguage":"en-US","@id":"https:\/\/sanmed.pl\/en\/produkt\/fontanna-water-cube\/#primaryimage","url":"https:\/\/sanmed.pl\/wp-content\/uploads\/2022\/06\/75.jpeg","contentUrl":"https:\/\/sanmed.pl\/wp-content\/uploads\/2022\/06\/75.jpeg","width":2048,"height":1536,"caption":"Fontanna"},{"@type":"BreadcrumbList","@id":"https:\/\/sanmed.pl\/en\/produkt\/fontanna-water-cube\/#breadcrumb","itemListElement":[{"@type":"ListItem","position":1,"name":"Strona g\u0142\u00f3wna","item":"https:\/\/sanmed.pl\/en\/"},{"@type":"ListItem","position":2,"name":"Shop","item":"https:\/\/sanmed.pl\/en\/shop\/"},{"@type":"ListItem","position":3,"name":"FOUNTAIN WaterCube"}]},{"@type":"WebSite","@id":"https:\/\/sanmed.pl\/#website","url":"https:\/\/sanmed.pl\/","name":"Sanmed - Wytw\u00f3rnia sprz\u0119tu sanitarnego","description":"Produkty najwy\u017cszej jako\u015bci","publisher":{"@id":"https:\/\/sanmed.pl\/#organization"},"potentialAction":[{"@type":"SearchAction","target":{"@type":"EntryPoint","urlTemplate":"https:\/\/sanmed.pl\/?s={search_term_string}"},"query-input":{"@type":"PropertyValueSpecification","valueRequired":true,"valueName":"search_term_string"}}],"inLanguage":"en-US"},{"@type":"Organization","@id":"https:\/\/sanmed.pl\/#organization","name":"SANMED","url":"https:\/\/sanmed.pl\/","logo":{"@type":"ImageObject","inLanguage":"en-US","@id":"https:\/\/sanmed.pl\/#\/schema\/logo\/image\/","url":"https:\/\/sanmed.pl\/wp-content\/uploads\/2022\/05\/logo.png","contentUrl":"https:\/\/sanmed.pl\/wp-content\/uploads\/2022\/05\/logo.png","width":236,"height":104,"caption":"SANMED"},"image":{"@id":"https:\/\/sanmed.pl\/#\/schema\/logo\/image\/"}}]}},"_links":{"self":[{"href":"https:\/\/sanmed.pl\/en\/wp-json\/wp\/v2\/product\/860","targetHints":{"allow":["GET"]}}],"collection":[{"href":"https:\/\/sanmed.pl\/en\/wp-json\/wp\/v2\/product"}],"about":[{"href":"https:\/\/sanmed.pl\/en\/wp-json\/wp\/v2\/types\/product"}],"wp:featuredmedia":[{"embeddable":true,"href":"https:\/\/sanmed.pl\/en\/wp-json\/wp\/v2\/media\/637"}],"wp:attachment":[{"href":"https:\/\/sanmed.pl\/en\/wp-json\/wp\/v2\/media?parent=860"}],"wp:term":[{"taxonomy":"product_cat","embeddable":true,"href":"https:\/\/sanmed.pl\/en\/wp-json\/wp\/v2\/product_cat?post=860"},{"taxonomy":"product_tag","embeddable":true,"href":"https:\/\/sanmed.pl\/en\/wp-json\/wp\/v2\/product_tag?post=860"}],"curies":[{"name":"wp","href":"https:\/\/api.w.org\/{rel}","templated":true}]}}