{"id":861,"date":"2022-06-14T16:54:14","date_gmt":"2022-06-14T14:54:14","guid":{"rendered":"https:\/\/sanmed.pl\/produkt\/towel-paper-dispenser-300psc\/"},"modified":"2022-07-03T22:16:10","modified_gmt":"2022-07-03T20:16:10","slug":"towel-paper-dispenser-300psc","status":"publish","type":"product","link":"https:\/\/sanmed.pl\/en\/produkt\/towel-paper-dispenser-300psc\/","title":{"rendered":"Towel Paper Dispenser 300psc"},"content":{"rendered":"<p style=\"text-align: left;\">Paper towels are still the most used and the most hygienic form of hand drying. According to the latest research, after washing your hands and wiping them with a paper towel, the total number of bacteria on the fingertips decreased by an average of 76%, and on the palm by 77%, when using an electric dryer, the total number of bacteria on the fingertips increased by an average of 194%, and on the inside hand by 254%.<br \/>\n<strong>Advantages:<\/strong><\/p>\n<ul>\n<li>eyelet to control the level of towels<\/li>\n<li>unique system of collecting single sheets of towels<\/li>\n<li>corrosion resistance,<\/li>\n<li>all made of polished stainless steel of higher quality,<\/li>\n<li>decent price<\/li>\n<li>locked with a key<\/li>\n<li>quick change or replenishment of towels<\/li>\n<li>suitable for standard 23&#215;25 cm ZZ towels<\/li>\n<\/ul>\n","protected":false},"excerpt":{"rendered":"<pre id=\"tw-target-text\" class=\"tw-data-text tw-text-large tw-ta\" dir=\"ltr\" data-placeholder=\"T\u0142umaczenie\"><span class=\"Y2IQFc\" lang=\"en\" style=\"font-family: arial, helvetica, sans-serif;\">The PSP 300 towel dispenser is used to conveniently \r\npick up individual folded towels without having to touch\r\nthe dispenser.\r\n It is used in treatment rooms, toilets and public places.\r\n Wherever there was a need to wash your hands.\r\n\r\nThe large capacity of the feeder allows it to be used \r\nin frequently visited places.<\/span><\/pre>\n","protected":false},"featured_media":673,"template":"","meta":[],"product_cat":[78],"product_tag":[96,97,98],"class_list":{"0":"post-861","1":"product","2":"type-product","3":"status-publish","4":"has-post-thumbnail","6":"product_cat-towel-dispensers","7":"product_tag-towel-dispenser","8":"product_tag-towel-dispenser-en","9":"product_tag-towel-dispenser-zz","11":"first","12":"instock","13":"taxable","14":"shipping-taxable","15":"purchasable","16":"product-type-simple"},"featured_image_urls_v2":{"full":["https:\/\/sanmed.pl\/wp-content\/uploads\/2022\/06\/5.jpg",1080,1080,false],"thumbnail":["https:\/\/sanmed.pl\/wp-content\/uploads\/2022\/06\/5-150x150.jpg",150,150,true],"medium":["https:\/\/sanmed.pl\/wp-content\/uploads\/2022\/06\/5-300x300.jpg",300,300,true],"medium_large":["https:\/\/sanmed.pl\/wp-content\/uploads\/2022\/06\/5-768x768.jpg",768,768,true],"large":["https:\/\/sanmed.pl\/wp-content\/uploads\/2022\/06\/5-1024x1024.jpg",1024,1024,true],"1536x1536":["https:\/\/sanmed.pl\/wp-content\/uploads\/2022\/06\/5.jpg",1080,1080,false],"2048x2048":["https:\/\/sanmed.pl\/wp-content\/uploads\/2022\/06\/5.jpg",1080,1080,false],"ultp_layout_landscape_large":["https:\/\/sanmed.pl\/wp-content\/uploads\/2022\/06\/5-1080x800.jpg",1080,800,true],"ultp_layout_landscape":["https:\/\/sanmed.pl\/wp-content\/uploads\/2022\/06\/5-870x570.jpg",870,570,true],"ultp_layout_portrait":["https:\/\/sanmed.pl\/wp-content\/uploads\/2022\/06\/5-600x900.jpg",600,900,true],"ultp_layout_square":["https:\/\/sanmed.pl\/wp-content\/uploads\/2022\/06\/5-600x600.jpg",600,600,true],"woocommerce_archive_thumbnail":["https:\/\/sanmed.pl\/wp-content\/uploads\/2022\/06\/5-300x400.jpg",300,400,true],"woocommerce_thumbnail":["https:\/\/sanmed.pl\/wp-content\/uploads\/2022\/06\/5-300x400.jpg",300,400,true],"woocommerce_single":["https:\/\/sanmed.pl\/wp-content\/uploads\/2022\/06\/5-600x600.jpg",600,600,true],"woocommerce_gallery_thumbnail":["https:\/\/sanmed.pl\/wp-content\/uploads\/2022\/06\/5-100x100.jpg",100,100,true]},"post_excerpt_stackable_v2":"<pre id=\"tw-target-text\" class=\"tw-data-text tw-text-large tw-ta\" dir=\"ltr\" data-placeholder=\"T\u0142umaczenie\"><span class=\"Y2IQFc\" lang=\"en\" style=\"font-family: arial, helvetica, sans-serif;\">The PSP 300 towel dispenser is used to conveniently \r\npick up individual folded towels without having to touch\r\nthe dispenser.\r\n It is used in treatment rooms, toilets and public places.\r\n Wherever there was a need to wash your hands.\r\n\r\nThe large capacity of the feeder allows it to be used \r\nin frequently visited places.<\/span><\/pre>\n","category_list_v2":"","author_info_v2":{"name":"","url":""},"comments_num_v2":"0 comments","yoast_head":"<!-- This site is optimized with the Yoast SEO plugin v24.0 - https:\/\/yoast.com\/wordpress\/plugins\/seo\/ -->\n<title>Towel Paper Dispenser 300psc - Sanmed - Wytw\u00f3rnia sprz\u0119tu sanitarnego<\/title>\n<meta name=\"robots\" content=\"index, follow, max-snippet:-1, max-image-preview:large, max-video-preview:-1\" \/>\n<link rel=\"canonical\" href=\"https:\/\/sanmed.pl\/en\/produkt\/towel-paper-dispenser-300psc\/\" \/>\n<meta property=\"og:locale\" content=\"en_US\" \/>\n<meta property=\"og:type\" content=\"article\" \/>\n<meta property=\"og:title\" content=\"Towel Paper Dispenser 300psc - Sanmed - Wytw\u00f3rnia sprz\u0119tu sanitarnego\" \/>\n<meta property=\"og:description\" content=\"The PSP 300 towel dispenser is used to conveniently  pick up individual folded towels without having to touch the dispenser.  It is used in treatment rooms, toilets and public places.  Wherever there was a need to wash your hands.  The large capacity of the feeder allows it to be used  in frequently visited places.\" \/>\n<meta property=\"og:url\" content=\"https:\/\/sanmed.pl\/en\/produkt\/towel-paper-dispenser-300psc\/\" \/>\n<meta property=\"og:site_name\" content=\"Sanmed - Wytw\u00f3rnia sprz\u0119tu sanitarnego\" \/>\n<meta property=\"article:modified_time\" content=\"2022-07-03T20:16:10+00:00\" \/>\n<meta property=\"og:image\" content=\"https:\/\/sanmed.pl\/wp-content\/uploads\/2022\/06\/5.jpg\" \/>\n\t<meta property=\"og:image:width\" content=\"1080\" \/>\n\t<meta property=\"og:image:height\" content=\"1080\" \/>\n\t<meta property=\"og:image:type\" content=\"image\/jpeg\" \/>\n<meta name=\"twitter:card\" content=\"summary_large_image\" \/>\n<meta name=\"twitter:label1\" content=\"Est. reading time\" \/>\n\t<meta name=\"twitter:data1\" content=\"1 minute\" \/>\n<script type=\"application\/ld+json\" class=\"yoast-schema-graph\">{\"@context\":\"https:\/\/schema.org\",\"@graph\":[{\"@type\":\"WebPage\",\"@id\":\"https:\/\/sanmed.pl\/en\/produkt\/towel-paper-dispenser-300psc\/\",\"url\":\"https:\/\/sanmed.pl\/en\/produkt\/towel-paper-dispenser-300psc\/\",\"name\":\"Towel Paper Dispenser 300psc - Sanmed - Wytw\u00f3rnia sprz\u0119tu sanitarnego\",\"isPartOf\":{\"@id\":\"https:\/\/sanmed.pl\/#website\"},\"primaryImageOfPage\":{\"@id\":\"https:\/\/sanmed.pl\/en\/produkt\/towel-paper-dispenser-300psc\/#primaryimage\"},\"image\":{\"@id\":\"https:\/\/sanmed.pl\/en\/produkt\/towel-paper-dispenser-300psc\/#primaryimage\"},\"thumbnailUrl\":\"https:\/\/sanmed.pl\/wp-content\/uploads\/2022\/06\/5.jpg\",\"datePublished\":\"2022-06-14T14:54:14+00:00\",\"dateModified\":\"2022-07-03T20:16:10+00:00\",\"breadcrumb\":{\"@id\":\"https:\/\/sanmed.pl\/en\/produkt\/towel-paper-dispenser-300psc\/#breadcrumb\"},\"inLanguage\":\"en-US\",\"potentialAction\":[{\"@type\":\"ReadAction\",\"target\":[\"https:\/\/sanmed.pl\/en\/produkt\/towel-paper-dispenser-300psc\/\"]}]},{\"@type\":\"ImageObject\",\"inLanguage\":\"en-US\",\"@id\":\"https:\/\/sanmed.pl\/en\/produkt\/towel-paper-dispenser-300psc\/#primaryimage\",\"url\":\"https:\/\/sanmed.pl\/wp-content\/uploads\/2022\/06\/5.jpg\",\"contentUrl\":\"https:\/\/sanmed.pl\/wp-content\/uploads\/2022\/06\/5.jpg\",\"width\":1080,\"height\":1080},{\"@type\":\"BreadcrumbList\",\"@id\":\"https:\/\/sanmed.pl\/en\/produkt\/towel-paper-dispenser-300psc\/#breadcrumb\",\"itemListElement\":[{\"@type\":\"ListItem\",\"position\":1,\"name\":\"Strona g\u0142\u00f3wna\",\"item\":\"https:\/\/sanmed.pl\/en\/\"},{\"@type\":\"ListItem\",\"position\":2,\"name\":\"Shop\",\"item\":\"https:\/\/sanmed.pl\/en\/shop\/\"},{\"@type\":\"ListItem\",\"position\":3,\"name\":\"Towel Paper Dispenser 300psc\"}]},{\"@type\":\"WebSite\",\"@id\":\"https:\/\/sanmed.pl\/#website\",\"url\":\"https:\/\/sanmed.pl\/\",\"name\":\"Sanmed - Wytw\u00f3rnia sprz\u0119tu sanitarnego\",\"description\":\"Produkty najwy\u017cszej jako\u015bci\",\"publisher\":{\"@id\":\"https:\/\/sanmed.pl\/#organization\"},\"potentialAction\":[{\"@type\":\"SearchAction\",\"target\":{\"@type\":\"EntryPoint\",\"urlTemplate\":\"https:\/\/sanmed.pl\/?s={search_term_string}\"},\"query-input\":{\"@type\":\"PropertyValueSpecification\",\"valueRequired\":true,\"valueName\":\"search_term_string\"}}],\"inLanguage\":\"en-US\"},{\"@type\":\"Organization\",\"@id\":\"https:\/\/sanmed.pl\/#organization\",\"name\":\"SANMED\",\"url\":\"https:\/\/sanmed.pl\/\",\"logo\":{\"@type\":\"ImageObject\",\"inLanguage\":\"en-US\",\"@id\":\"https:\/\/sanmed.pl\/#\/schema\/logo\/image\/\",\"url\":\"https:\/\/sanmed.pl\/wp-content\/uploads\/2022\/05\/logo.png\",\"contentUrl\":\"https:\/\/sanmed.pl\/wp-content\/uploads\/2022\/05\/logo.png\",\"width\":236,\"height\":104,\"caption\":\"SANMED\"},\"image\":{\"@id\":\"https:\/\/sanmed.pl\/#\/schema\/logo\/image\/\"}}]}<\/script>\n<!-- \/ Yoast SEO plugin. -->","yoast_head_json":{"title":"Towel Paper Dispenser 300psc - Sanmed - Wytw\u00f3rnia sprz\u0119tu sanitarnego","robots":{"index":"index","follow":"follow","max-snippet":"max-snippet:-1","max-image-preview":"max-image-preview:large","max-video-preview":"max-video-preview:-1"},"canonical":"https:\/\/sanmed.pl\/en\/produkt\/towel-paper-dispenser-300psc\/","og_locale":"en_US","og_type":"article","og_title":"Towel Paper Dispenser 300psc - Sanmed - Wytw\u00f3rnia sprz\u0119tu sanitarnego","og_description":"The PSP 300 towel dispenser is used to conveniently  pick up individual folded towels without having to touch the dispenser.  It is used in treatment rooms, toilets and public places.  Wherever there was a need to wash your hands.  The large capacity of the feeder allows it to be used  in frequently visited places.","og_url":"https:\/\/sanmed.pl\/en\/produkt\/towel-paper-dispenser-300psc\/","og_site_name":"Sanmed - Wytw\u00f3rnia sprz\u0119tu sanitarnego","article_modified_time":"2022-07-03T20:16:10+00:00","og_image":[{"width":1080,"height":1080,"url":"https:\/\/sanmed.pl\/wp-content\/uploads\/2022\/06\/5.jpg","type":"image\/jpeg"}],"twitter_card":"summary_large_image","twitter_misc":{"Est. reading time":"1 minute"},"schema":{"@context":"https:\/\/schema.org","@graph":[{"@type":"WebPage","@id":"https:\/\/sanmed.pl\/en\/produkt\/towel-paper-dispenser-300psc\/","url":"https:\/\/sanmed.pl\/en\/produkt\/towel-paper-dispenser-300psc\/","name":"Towel Paper Dispenser 300psc - Sanmed - Wytw\u00f3rnia sprz\u0119tu sanitarnego","isPartOf":{"@id":"https:\/\/sanmed.pl\/#website"},"primaryImageOfPage":{"@id":"https:\/\/sanmed.pl\/en\/produkt\/towel-paper-dispenser-300psc\/#primaryimage"},"image":{"@id":"https:\/\/sanmed.pl\/en\/produkt\/towel-paper-dispenser-300psc\/#primaryimage"},"thumbnailUrl":"https:\/\/sanmed.pl\/wp-content\/uploads\/2022\/06\/5.jpg","datePublished":"2022-06-14T14:54:14+00:00","dateModified":"2022-07-03T20:16:10+00:00","breadcrumb":{"@id":"https:\/\/sanmed.pl\/en\/produkt\/towel-paper-dispenser-300psc\/#breadcrumb"},"inLanguage":"en-US","potentialAction":[{"@type":"ReadAction","target":["https:\/\/sanmed.pl\/en\/produkt\/towel-paper-dispenser-300psc\/"]}]},{"@type":"ImageObject","inLanguage":"en-US","@id":"https:\/\/sanmed.pl\/en\/produkt\/towel-paper-dispenser-300psc\/#primaryimage","url":"https:\/\/sanmed.pl\/wp-content\/uploads\/2022\/06\/5.jpg","contentUrl":"https:\/\/sanmed.pl\/wp-content\/uploads\/2022\/06\/5.jpg","width":1080,"height":1080},{"@type":"BreadcrumbList","@id":"https:\/\/sanmed.pl\/en\/produkt\/towel-paper-dispenser-300psc\/#breadcrumb","itemListElement":[{"@type":"ListItem","position":1,"name":"Strona g\u0142\u00f3wna","item":"https:\/\/sanmed.pl\/en\/"},{"@type":"ListItem","position":2,"name":"Shop","item":"https:\/\/sanmed.pl\/en\/shop\/"},{"@type":"ListItem","position":3,"name":"Towel Paper Dispenser 300psc"}]},{"@type":"WebSite","@id":"https:\/\/sanmed.pl\/#website","url":"https:\/\/sanmed.pl\/","name":"Sanmed - Wytw\u00f3rnia sprz\u0119tu sanitarnego","description":"Produkty najwy\u017cszej jako\u015bci","publisher":{"@id":"https:\/\/sanmed.pl\/#organization"},"potentialAction":[{"@type":"SearchAction","target":{"@type":"EntryPoint","urlTemplate":"https:\/\/sanmed.pl\/?s={search_term_string}"},"query-input":{"@type":"PropertyValueSpecification","valueRequired":true,"valueName":"search_term_string"}}],"inLanguage":"en-US"},{"@type":"Organization","@id":"https:\/\/sanmed.pl\/#organization","name":"SANMED","url":"https:\/\/sanmed.pl\/","logo":{"@type":"ImageObject","inLanguage":"en-US","@id":"https:\/\/sanmed.pl\/#\/schema\/logo\/image\/","url":"https:\/\/sanmed.pl\/wp-content\/uploads\/2022\/05\/logo.png","contentUrl":"https:\/\/sanmed.pl\/wp-content\/uploads\/2022\/05\/logo.png","width":236,"height":104,"caption":"SANMED"},"image":{"@id":"https:\/\/sanmed.pl\/#\/schema\/logo\/image\/"}}]}},"_links":{"self":[{"href":"https:\/\/sanmed.pl\/en\/wp-json\/wp\/v2\/product\/861","targetHints":{"allow":["GET"]}}],"collection":[{"href":"https:\/\/sanmed.pl\/en\/wp-json\/wp\/v2\/product"}],"about":[{"href":"https:\/\/sanmed.pl\/en\/wp-json\/wp\/v2\/types\/product"}],"wp:featuredmedia":[{"embeddable":true,"href":"https:\/\/sanmed.pl\/en\/wp-json\/wp\/v2\/media\/673"}],"wp:attachment":[{"href":"https:\/\/sanmed.pl\/en\/wp-json\/wp\/v2\/media?parent=861"}],"wp:term":[{"taxonomy":"product_cat","embeddable":true,"href":"https:\/\/sanmed.pl\/en\/wp-json\/wp\/v2\/product_cat?post=861"},{"taxonomy":"product_tag","embeddable":true,"href":"https:\/\/sanmed.pl\/en\/wp-json\/wp\/v2\/product_tag?post=861"}],"curies":[{"name":"wp","href":"https:\/\/api.w.org\/{rel}","templated":true}]}}