{"id":864,"date":"2022-06-11T20:28:56","date_gmt":"2022-06-11T18:28:56","guid":{"rendered":"https:\/\/sanmed.pl\/produkt\/dispenser-soap-or-desinfection-hospital-1l\/"},"modified":"2022-06-11T20:28:56","modified_gmt":"2022-06-11T18:28:56","slug":"dispenser-soap-or-desinfection-hospital-1l","status":"publish","type":"product","link":"https:\/\/sanmed.pl\/en\/produkt\/dispenser-soap-or-desinfection-hospital-1l\/","title":{"rendered":"Dispenser Soap or Desinfection &#8211; Hospital 1l"},"content":{"rendered":"<p><span class=\"Y2IQFc\" lang=\"en\"><strong>Advantages of the dispenser<\/strong><\/span><\/p>\n<ul>\n<li><span class=\"Y2IQFc\" lang=\"en\">reliable operation (dosing without dripping from the spout),<\/span><\/li>\n<li><span class=\"Y2IQFc\" lang=\"en\">non-contact administration of liquid or soap corrosion resistance,<\/span><\/li>\n<li><span class=\"Y2IQFc\" lang=\"en\">all made of polished stainless steel of higher quality,<\/span><\/li>\n<li><span class=\"Y2IQFc\" lang=\"en\">decent price<\/span><\/li>\n<li><span class=\"Y2IQFc\" lang=\"en\">a window to check the levels of liquids or soap quick<\/span><\/li>\n<li><span class=\"Y2IQFc\" lang=\"en\">replacement or replenishment of liquid or soa<\/span><\/li>\n<\/ul>\n","protected":false},"excerpt":{"rendered":"<pre id=\"tw-target-text\" class=\"tw-data-text tw-text-large tw-ta\" dir=\"ltr\" data-placeholder=\"T\u0142umaczenie\"><span class=\"Y2IQFc\" lang=\"en\" style=\"font-family: arial, helvetica, sans-serif;\">The elbow dispenser is used for non-contact administration\r\n of sanitary fluid or soap and is especially useful in doctor's \r\noffices, hospital wards, and pre-surgery rooms. \r\nDosing of liquids is done by pressing your elbow on an \r\nergonomically shaped lever made of stainless steel.\r\n\r\nThe large capacity of the tank with relatively small dimensions\r\nwill find its application wherever a high level of hygiene is \r\nimportant.\r\n\r\nA special feature of the dispenser is the possibility of \r\ndisassembling and cleaning the dispensing part.<\/span><\/pre>\n","protected":false},"featured_media":635,"template":"","meta":[],"product_cat":[75],"product_tag":[89,87,90,100,88],"class_list":{"0":"post-864","1":"product","2":"type-product","3":"status-publish","4":"has-post-thumbnail","6":"product_cat-dispensers","7":"product_tag-hospital-dispenser","8":"product_tag-lever-dispenser","9":"product_tag-soap-dispenser","10":"product_tag-soap-dispenser-en-2","11":"product_tag-staniles-steel-dispenser","13":"first","14":"instock","15":"taxable","16":"shipping-taxable","17":"purchasable","18":"product-type-simple"},"featured_image_urls_v2":{"full":["https:\/\/sanmed.pl\/wp-content\/uploads\/2022\/06\/22.jpg",1080,1080,false],"thumbnail":["https:\/\/sanmed.pl\/wp-content\/uploads\/2022\/06\/22-150x150.jpg",150,150,true],"medium":["https:\/\/sanmed.pl\/wp-content\/uploads\/2022\/06\/22-300x300.jpg",300,300,true],"medium_large":["https:\/\/sanmed.pl\/wp-content\/uploads\/2022\/06\/22-768x768.jpg",768,768,true],"large":["https:\/\/sanmed.pl\/wp-content\/uploads\/2022\/06\/22-1024x1024.jpg",1024,1024,true],"1536x1536":["https:\/\/sanmed.pl\/wp-content\/uploads\/2022\/06\/22.jpg",1080,1080,false],"2048x2048":["https:\/\/sanmed.pl\/wp-content\/uploads\/2022\/06\/22.jpg",1080,1080,false],"ultp_layout_landscape_large":["https:\/\/sanmed.pl\/wp-content\/uploads\/2022\/06\/22-1080x800.jpg",1080,800,true],"ultp_layout_landscape":["https:\/\/sanmed.pl\/wp-content\/uploads\/2022\/06\/22-870x570.jpg",870,570,true],"ultp_layout_portrait":["https:\/\/sanmed.pl\/wp-content\/uploads\/2022\/06\/22-600x900.jpg",600,900,true],"ultp_layout_square":["https:\/\/sanmed.pl\/wp-content\/uploads\/2022\/06\/22-600x600.jpg",600,600,true],"woocommerce_archive_thumbnail":["https:\/\/sanmed.pl\/wp-content\/uploads\/2022\/06\/22-300x400.jpg",300,400,true],"woocommerce_thumbnail":["https:\/\/sanmed.pl\/wp-content\/uploads\/2022\/06\/22-300x400.jpg",300,400,true],"woocommerce_single":["https:\/\/sanmed.pl\/wp-content\/uploads\/2022\/06\/22-600x600.jpg",600,600,true],"woocommerce_gallery_thumbnail":["https:\/\/sanmed.pl\/wp-content\/uploads\/2022\/06\/22-100x100.jpg",100,100,true]},"post_excerpt_stackable_v2":"<pre id=\"tw-target-text\" class=\"tw-data-text tw-text-large tw-ta\" dir=\"ltr\" data-placeholder=\"T\u0142umaczenie\"><span class=\"Y2IQFc\" lang=\"en\" style=\"font-family: arial, helvetica, sans-serif;\">The elbow dispenser is used for non-contact administration\r\n of sanitary fluid or soap and is especially useful in doctor's \r\noffices, hospital wards, and pre-surgery rooms. \r\nDosing of liquids is done by pressing your elbow on an \r\nergonomically shaped lever made of stainless steel.\r\n\r\nThe large capacity of the tank with relatively small dimensions\r\nwill find its application wherever a high level of hygiene is \r\nimportant.\r\n\r\nA special feature of the dispenser is the possibility of \r\ndisassembling and cleaning the dispensing part.<\/span><\/pre>\n","category_list_v2":"","author_info_v2":{"name":"","url":""},"comments_num_v2":"0 comments","yoast_head":"<!-- This site is optimized with the Yoast SEO plugin v24.0 - https:\/\/yoast.com\/wordpress\/plugins\/seo\/ -->\n<title>Dispenser Soap or Desinfection - Hospital 1l - Sanmed - Wytw\u00f3rnia sprz\u0119tu sanitarnego<\/title>\n<meta name=\"robots\" content=\"index, follow, max-snippet:-1, max-image-preview:large, max-video-preview:-1\" \/>\n<link rel=\"canonical\" href=\"https:\/\/sanmed.pl\/en\/produkt\/dispenser-soap-or-desinfection-hospital-1l\/\" \/>\n<meta property=\"og:locale\" content=\"en_US\" \/>\n<meta property=\"og:type\" content=\"article\" \/>\n<meta property=\"og:title\" content=\"Dispenser Soap or Desinfection - Hospital 1l - Sanmed - Wytw\u00f3rnia sprz\u0119tu sanitarnego\" \/>\n<meta property=\"og:description\" content=\"The elbow dispenser is used for non-contact administration  of sanitary fluid or soap and is especially useful in doctor&#039;s  offices, hospital wards, and pre-surgery rooms.  Dosing of liquids is done by pressing your elbow on an  ergonomically shaped lever made of stainless steel.  The large capacity of the tank with relatively small dimensions will find its application wherever a high level of hygiene is  important.  A special feature of the dispenser is the possibility of  disassembling and cleaning the dispensing part.\" \/>\n<meta property=\"og:url\" content=\"https:\/\/sanmed.pl\/en\/produkt\/dispenser-soap-or-desinfection-hospital-1l\/\" \/>\n<meta property=\"og:site_name\" content=\"Sanmed - Wytw\u00f3rnia sprz\u0119tu sanitarnego\" \/>\n<meta property=\"og:image\" content=\"https:\/\/sanmed.pl\/wp-content\/uploads\/2022\/06\/22.jpg\" \/>\n\t<meta property=\"og:image:width\" content=\"1080\" \/>\n\t<meta property=\"og:image:height\" content=\"1080\" \/>\n\t<meta property=\"og:image:type\" content=\"image\/jpeg\" \/>\n<meta name=\"twitter:card\" content=\"summary_large_image\" \/>\n<script type=\"application\/ld+json\" class=\"yoast-schema-graph\">{\"@context\":\"https:\/\/schema.org\",\"@graph\":[{\"@type\":\"WebPage\",\"@id\":\"https:\/\/sanmed.pl\/en\/produkt\/dispenser-soap-or-desinfection-hospital-1l\/\",\"url\":\"https:\/\/sanmed.pl\/en\/produkt\/dispenser-soap-or-desinfection-hospital-1l\/\",\"name\":\"Dispenser Soap or Desinfection - Hospital 1l - Sanmed - Wytw\u00f3rnia sprz\u0119tu sanitarnego\",\"isPartOf\":{\"@id\":\"https:\/\/sanmed.pl\/#website\"},\"primaryImageOfPage\":{\"@id\":\"https:\/\/sanmed.pl\/en\/produkt\/dispenser-soap-or-desinfection-hospital-1l\/#primaryimage\"},\"image\":{\"@id\":\"https:\/\/sanmed.pl\/en\/produkt\/dispenser-soap-or-desinfection-hospital-1l\/#primaryimage\"},\"thumbnailUrl\":\"https:\/\/sanmed.pl\/wp-content\/uploads\/2022\/06\/22.jpg\",\"datePublished\":\"2022-06-11T18:28:56+00:00\",\"dateModified\":\"2022-06-11T18:28:56+00:00\",\"breadcrumb\":{\"@id\":\"https:\/\/sanmed.pl\/en\/produkt\/dispenser-soap-or-desinfection-hospital-1l\/#breadcrumb\"},\"inLanguage\":\"en-US\",\"potentialAction\":[{\"@type\":\"ReadAction\",\"target\":[\"https:\/\/sanmed.pl\/en\/produkt\/dispenser-soap-or-desinfection-hospital-1l\/\"]}]},{\"@type\":\"ImageObject\",\"inLanguage\":\"en-US\",\"@id\":\"https:\/\/sanmed.pl\/en\/produkt\/dispenser-soap-or-desinfection-hospital-1l\/#primaryimage\",\"url\":\"https:\/\/sanmed.pl\/wp-content\/uploads\/2022\/06\/22.jpg\",\"contentUrl\":\"https:\/\/sanmed.pl\/wp-content\/uploads\/2022\/06\/22.jpg\",\"width\":1080,\"height\":1080,\"caption\":\"dozownik \u0142okciowy do szpitali\"},{\"@type\":\"BreadcrumbList\",\"@id\":\"https:\/\/sanmed.pl\/en\/produkt\/dispenser-soap-or-desinfection-hospital-1l\/#breadcrumb\",\"itemListElement\":[{\"@type\":\"ListItem\",\"position\":1,\"name\":\"Strona g\u0142\u00f3wna\",\"item\":\"https:\/\/sanmed.pl\/en\/\"},{\"@type\":\"ListItem\",\"position\":2,\"name\":\"Shop\",\"item\":\"https:\/\/sanmed.pl\/en\/shop\/\"},{\"@type\":\"ListItem\",\"position\":3,\"name\":\"Dispenser Soap or Desinfection &#8211; Hospital 1l\"}]},{\"@type\":\"WebSite\",\"@id\":\"https:\/\/sanmed.pl\/#website\",\"url\":\"https:\/\/sanmed.pl\/\",\"name\":\"Sanmed - Wytw\u00f3rnia sprz\u0119tu sanitarnego\",\"description\":\"Produkty najwy\u017cszej jako\u015bci\",\"publisher\":{\"@id\":\"https:\/\/sanmed.pl\/#organization\"},\"potentialAction\":[{\"@type\":\"SearchAction\",\"target\":{\"@type\":\"EntryPoint\",\"urlTemplate\":\"https:\/\/sanmed.pl\/?s={search_term_string}\"},\"query-input\":{\"@type\":\"PropertyValueSpecification\",\"valueRequired\":true,\"valueName\":\"search_term_string\"}}],\"inLanguage\":\"en-US\"},{\"@type\":\"Organization\",\"@id\":\"https:\/\/sanmed.pl\/#organization\",\"name\":\"SANMED\",\"url\":\"https:\/\/sanmed.pl\/\",\"logo\":{\"@type\":\"ImageObject\",\"inLanguage\":\"en-US\",\"@id\":\"https:\/\/sanmed.pl\/#\/schema\/logo\/image\/\",\"url\":\"https:\/\/sanmed.pl\/wp-content\/uploads\/2022\/05\/logo.png\",\"contentUrl\":\"https:\/\/sanmed.pl\/wp-content\/uploads\/2022\/05\/logo.png\",\"width\":236,\"height\":104,\"caption\":\"SANMED\"},\"image\":{\"@id\":\"https:\/\/sanmed.pl\/#\/schema\/logo\/image\/\"}}]}<\/script>\n<!-- \/ Yoast SEO plugin. -->","yoast_head_json":{"title":"Dispenser Soap or Desinfection - Hospital 1l - Sanmed - Wytw\u00f3rnia sprz\u0119tu sanitarnego","robots":{"index":"index","follow":"follow","max-snippet":"max-snippet:-1","max-image-preview":"max-image-preview:large","max-video-preview":"max-video-preview:-1"},"canonical":"https:\/\/sanmed.pl\/en\/produkt\/dispenser-soap-or-desinfection-hospital-1l\/","og_locale":"en_US","og_type":"article","og_title":"Dispenser Soap or Desinfection - Hospital 1l - Sanmed - Wytw\u00f3rnia sprz\u0119tu sanitarnego","og_description":"The elbow dispenser is used for non-contact administration  of sanitary fluid or soap and is especially useful in doctor's  offices, hospital wards, and pre-surgery rooms.  Dosing of liquids is done by pressing your elbow on an  ergonomically shaped lever made of stainless steel.  The large capacity of the tank with relatively small dimensions will find its application wherever a high level of hygiene is  important.  A special feature of the dispenser is the possibility of  disassembling and cleaning the dispensing part.","og_url":"https:\/\/sanmed.pl\/en\/produkt\/dispenser-soap-or-desinfection-hospital-1l\/","og_site_name":"Sanmed - Wytw\u00f3rnia sprz\u0119tu sanitarnego","og_image":[{"width":1080,"height":1080,"url":"https:\/\/sanmed.pl\/wp-content\/uploads\/2022\/06\/22.jpg","type":"image\/jpeg"}],"twitter_card":"summary_large_image","schema":{"@context":"https:\/\/schema.org","@graph":[{"@type":"WebPage","@id":"https:\/\/sanmed.pl\/en\/produkt\/dispenser-soap-or-desinfection-hospital-1l\/","url":"https:\/\/sanmed.pl\/en\/produkt\/dispenser-soap-or-desinfection-hospital-1l\/","name":"Dispenser Soap or Desinfection - Hospital 1l - Sanmed - Wytw\u00f3rnia sprz\u0119tu sanitarnego","isPartOf":{"@id":"https:\/\/sanmed.pl\/#website"},"primaryImageOfPage":{"@id":"https:\/\/sanmed.pl\/en\/produkt\/dispenser-soap-or-desinfection-hospital-1l\/#primaryimage"},"image":{"@id":"https:\/\/sanmed.pl\/en\/produkt\/dispenser-soap-or-desinfection-hospital-1l\/#primaryimage"},"thumbnailUrl":"https:\/\/sanmed.pl\/wp-content\/uploads\/2022\/06\/22.jpg","datePublished":"2022-06-11T18:28:56+00:00","dateModified":"2022-06-11T18:28:56+00:00","breadcrumb":{"@id":"https:\/\/sanmed.pl\/en\/produkt\/dispenser-soap-or-desinfection-hospital-1l\/#breadcrumb"},"inLanguage":"en-US","potentialAction":[{"@type":"ReadAction","target":["https:\/\/sanmed.pl\/en\/produkt\/dispenser-soap-or-desinfection-hospital-1l\/"]}]},{"@type":"ImageObject","inLanguage":"en-US","@id":"https:\/\/sanmed.pl\/en\/produkt\/dispenser-soap-or-desinfection-hospital-1l\/#primaryimage","url":"https:\/\/sanmed.pl\/wp-content\/uploads\/2022\/06\/22.jpg","contentUrl":"https:\/\/sanmed.pl\/wp-content\/uploads\/2022\/06\/22.jpg","width":1080,"height":1080,"caption":"dozownik \u0142okciowy do szpitali"},{"@type":"BreadcrumbList","@id":"https:\/\/sanmed.pl\/en\/produkt\/dispenser-soap-or-desinfection-hospital-1l\/#breadcrumb","itemListElement":[{"@type":"ListItem","position":1,"name":"Strona g\u0142\u00f3wna","item":"https:\/\/sanmed.pl\/en\/"},{"@type":"ListItem","position":2,"name":"Shop","item":"https:\/\/sanmed.pl\/en\/shop\/"},{"@type":"ListItem","position":3,"name":"Dispenser Soap or Desinfection &#8211; Hospital 1l"}]},{"@type":"WebSite","@id":"https:\/\/sanmed.pl\/#website","url":"https:\/\/sanmed.pl\/","name":"Sanmed - Wytw\u00f3rnia sprz\u0119tu sanitarnego","description":"Produkty najwy\u017cszej jako\u015bci","publisher":{"@id":"https:\/\/sanmed.pl\/#organization"},"potentialAction":[{"@type":"SearchAction","target":{"@type":"EntryPoint","urlTemplate":"https:\/\/sanmed.pl\/?s={search_term_string}"},"query-input":{"@type":"PropertyValueSpecification","valueRequired":true,"valueName":"search_term_string"}}],"inLanguage":"en-US"},{"@type":"Organization","@id":"https:\/\/sanmed.pl\/#organization","name":"SANMED","url":"https:\/\/sanmed.pl\/","logo":{"@type":"ImageObject","inLanguage":"en-US","@id":"https:\/\/sanmed.pl\/#\/schema\/logo\/image\/","url":"https:\/\/sanmed.pl\/wp-content\/uploads\/2022\/05\/logo.png","contentUrl":"https:\/\/sanmed.pl\/wp-content\/uploads\/2022\/05\/logo.png","width":236,"height":104,"caption":"SANMED"},"image":{"@id":"https:\/\/sanmed.pl\/#\/schema\/logo\/image\/"}}]}},"_links":{"self":[{"href":"https:\/\/sanmed.pl\/en\/wp-json\/wp\/v2\/product\/864","targetHints":{"allow":["GET"]}}],"collection":[{"href":"https:\/\/sanmed.pl\/en\/wp-json\/wp\/v2\/product"}],"about":[{"href":"https:\/\/sanmed.pl\/en\/wp-json\/wp\/v2\/types\/product"}],"wp:featuredmedia":[{"embeddable":true,"href":"https:\/\/sanmed.pl\/en\/wp-json\/wp\/v2\/media\/635"}],"wp:attachment":[{"href":"https:\/\/sanmed.pl\/en\/wp-json\/wp\/v2\/media?parent=864"}],"wp:term":[{"taxonomy":"product_cat","embeddable":true,"href":"https:\/\/sanmed.pl\/en\/wp-json\/wp\/v2\/product_cat?post=864"},{"taxonomy":"product_tag","embeddable":true,"href":"https:\/\/sanmed.pl\/en\/wp-json\/wp\/v2\/product_tag?post=864"}],"curies":[{"name":"wp","href":"https:\/\/api.w.org\/{rel}","templated":true}]}}