{"id":865,"date":"2024-06-12T14:30:10","date_gmt":"2024-06-12T12:30:10","guid":{"rendered":"https:\/\/sanmed.pl\/produkt\/surgical-brush-super-brush-300x\/"},"modified":"2022-07-03T22:52:29","modified_gmt":"2022-07-03T20:52:29","slug":"surgical-brush-super-brush-300x","status":"publish","type":"product","link":"https:\/\/sanmed.pl\/en\/produkt\/surgical-brush-super-brush-300x\/","title":{"rendered":"Surgical Brush- Super Brush 300x (10pcs)"},"content":{"rendered":"<p><span style=\"font-family: arial, helvetica, sans-serif;\"><b><span lang=\"en\">SUPERBRUSH 300x <\/span><\/b><\/span><\/p>\n<p><span lang=\"en\" style=\"font-family: arial, helvetica, sans-serif;\">The surgical brush has main and auxiliary brushing. <\/span><\/p>\n<p><span lang=\"en\" style=\"font-family: arial, helvetica, sans-serif;\">It is used for washing and disinfecting hands in <\/span><\/p>\n<p><span lang=\"en\" style=\"font-family: arial, helvetica, sans-serif;\">preoperative rooms and treatment rooms. <\/span><\/p>\n<p><span lang=\"en\" style=\"font-family: arial, helvetica, sans-serif;\">Thanks to its ergonomic design, it ensures <\/span><\/p>\n<p><span lang=\"en\" style=\"font-family: arial, helvetica, sans-serif;\">the effectiveness and comfort of hand washing. <\/span><\/p>\n<p><span lang=\"en\" style=\"font-family: arial, helvetica, sans-serif;\">Antibacterial TYNEX bristles and the body allow <\/span><\/p>\n<p><span lang=\"en\" style=\"font-family: arial, helvetica, sans-serif;\">the brush to be sterilized up to 300 times at <\/span><\/p>\n<p><span lang=\"en\" style=\"font-family: arial, helvetica, sans-serif;\">121 degrees Celsius, the sterilization time is 15 minutes. <\/span><\/p>\n<p><span lang=\"en\" style=\"font-family: arial, helvetica, sans-serif;\"><b>The advantages of the toothbrush:<\/b><\/span><\/p>\n<ul>\n<li><span lang=\"en\" style=\"font-family: arial, helvetica, sans-serif;\">possibility of sterilization up to 300 times <\/span><\/li>\n<li><span lang=\"en\" style=\"font-family: arial, helvetica, sans-serif;\">antibacterial TYNEX bristles <\/span><\/li>\n<li><span lang=\"en\" style=\"font-family: arial, helvetica, sans-serif;\">ergonomic design <\/span><\/li>\n<li><span lang=\"en\" style=\"font-family: arial, helvetica, sans-serif;\">gentle on the skin <\/span><\/li>\n<li><span lang=\"en\" style=\"font-family: arial, helvetica, sans-serif;\">decent price be &#8216;eco&#8217; use 300 times <\/span><\/li>\n<\/ul>\n<p><span style=\"font-family: arial, helvetica, sans-serif;\"><b><span lang=\"en\">The brushes are packed in 10 pcs.<\/span> <\/b><\/span><\/p>\n","protected":false},"excerpt":{"rendered":"<pre class=\"western\" lang=\"en\"><span style=\"font-family: arial, helvetica, sans-serif;\"><span style=\"color: #202124;\"><span style=\"font-size: medium;\">The brush consists of a body made of high-quality <\/span><\/span>\r\n<span style=\"color: #202124;\"><span style=\"font-size: medium;\"><span lang=\"en\">plastic and Tynex bristles, which have an antibacterial <\/span><\/span><\/span>\r\n<span style=\"color: #202124;\"><span style=\"font-size: medium;\"><span lang=\"en\">coating that prevents the growth of bacteria. <\/span><\/span><\/span>\r\n<span style=\"color: #202124;\"><span style=\"font-size: medium;\"><span lang=\"en\">The sanded ends of the fibers prevent <\/span><\/span><\/span>\r\n<span style=\"color: #202124;\"><span style=\"font-size: medium;\"><span lang=\"en\">skin irritation by gently massaging it.<\/span><\/span><\/span><\/span><\/pre>\n","protected":false},"featured_media":681,"template":"","meta":[],"product_cat":[80],"product_tag":[87,88,101,102],"class_list":{"0":"post-865","1":"product","2":"type-product","3":"status-publish","4":"has-post-thumbnail","6":"product_cat-brushes","7":"product_tag-lever-dispenser","8":"product_tag-staniles-steel-dispenser","9":"product_tag-sterilization-brush","10":"product_tag-surgical-brush","12":"first","13":"instock","14":"featured","15":"taxable","16":"shipping-taxable","17":"purchasable","18":"product-type-simple"},"featured_image_urls_v2":{"full":["https:\/\/sanmed.pl\/wp-content\/uploads\/2022\/06\/szczoteczka2.jpg",1080,1080,false],"thumbnail":["https:\/\/sanmed.pl\/wp-content\/uploads\/2022\/06\/szczoteczka2-150x150.jpg",150,150,true],"medium":["https:\/\/sanmed.pl\/wp-content\/uploads\/2022\/06\/szczoteczka2-300x300.jpg",300,300,true],"medium_large":["https:\/\/sanmed.pl\/wp-content\/uploads\/2022\/06\/szczoteczka2-768x768.jpg",768,768,true],"large":["https:\/\/sanmed.pl\/wp-content\/uploads\/2022\/06\/szczoteczka2-1024x1024.jpg",1024,1024,true],"1536x1536":["https:\/\/sanmed.pl\/wp-content\/uploads\/2022\/06\/szczoteczka2.jpg",1080,1080,false],"2048x2048":["https:\/\/sanmed.pl\/wp-content\/uploads\/2022\/06\/szczoteczka2.jpg",1080,1080,false],"ultp_layout_landscape_large":["https:\/\/sanmed.pl\/wp-content\/uploads\/2022\/06\/szczoteczka2-1080x800.jpg",1080,800,true],"ultp_layout_landscape":["https:\/\/sanmed.pl\/wp-content\/uploads\/2022\/06\/szczoteczka2-870x570.jpg",870,570,true],"ultp_layout_portrait":["https:\/\/sanmed.pl\/wp-content\/uploads\/2022\/06\/szczoteczka2-600x900.jpg",600,900,true],"ultp_layout_square":["https:\/\/sanmed.pl\/wp-content\/uploads\/2022\/06\/szczoteczka2-600x600.jpg",600,600,true],"woocommerce_archive_thumbnail":["https:\/\/sanmed.pl\/wp-content\/uploads\/2022\/06\/szczoteczka2-300x400.jpg",300,400,true],"woocommerce_thumbnail":["https:\/\/sanmed.pl\/wp-content\/uploads\/2022\/06\/szczoteczka2-300x400.jpg",300,400,true],"woocommerce_single":["https:\/\/sanmed.pl\/wp-content\/uploads\/2022\/06\/szczoteczka2-600x600.jpg",600,600,true],"woocommerce_gallery_thumbnail":["https:\/\/sanmed.pl\/wp-content\/uploads\/2022\/06\/szczoteczka2-100x100.jpg",100,100,true]},"post_excerpt_stackable_v2":"<pre class=\"western\" lang=\"en\"><span style=\"font-family: arial, helvetica, sans-serif;\"><span style=\"color: #202124;\"><span style=\"font-size: medium;\">The brush consists of a body made of high-quality <\/span><\/span>\r\n<span style=\"color: #202124;\"><span style=\"font-size: medium;\"><span lang=\"en\">plastic and Tynex bristles, which have an antibacterial <\/span><\/span><\/span>\r\n<span style=\"color: #202124;\"><span style=\"font-size: medium;\"><span lang=\"en\">coating that prevents the growth of bacteria. <\/span><\/span><\/span>\r\n<span style=\"color: #202124;\"><span style=\"font-size: medium;\"><span lang=\"en\">The sanded ends of the fibers prevent <\/span><\/span><\/span>\r\n<span style=\"color: #202124;\"><span style=\"font-size: medium;\"><span lang=\"en\">skin irritation by gently massaging it.<\/span><\/span><\/span><\/span><\/pre>\n","category_list_v2":"","author_info_v2":{"name":"","url":""},"comments_num_v2":"0 comments","yoast_head":"<!-- This site is optimized with the Yoast SEO plugin v24.0 - https:\/\/yoast.com\/wordpress\/plugins\/seo\/ -->\n<title>Surgical Brush- Super Brush 300x (10pcs) - Sanmed - Wytw\u00f3rnia sprz\u0119tu sanitarnego<\/title>\n<meta name=\"robots\" content=\"index, follow, max-snippet:-1, max-image-preview:large, max-video-preview:-1\" \/>\n<link rel=\"canonical\" href=\"https:\/\/sanmed.pl\/en\/produkt\/surgical-brush-super-brush-300x\/\" \/>\n<meta property=\"og:locale\" content=\"en_US\" \/>\n<meta property=\"og:type\" content=\"article\" \/>\n<meta property=\"og:title\" content=\"Surgical Brush- Super Brush 300x (10pcs) - Sanmed - Wytw\u00f3rnia sprz\u0119tu sanitarnego\" \/>\n<meta property=\"og:description\" content=\"The brush consists of a body made of high-quality  plastic and Tynex bristles, which have an antibacterial  coating that prevents the growth of bacteria.  The sanded ends of the fibers prevent  skin irritation by gently massaging it.\" \/>\n<meta property=\"og:url\" content=\"https:\/\/sanmed.pl\/en\/produkt\/surgical-brush-super-brush-300x\/\" \/>\n<meta property=\"og:site_name\" content=\"Sanmed - Wytw\u00f3rnia sprz\u0119tu sanitarnego\" \/>\n<meta property=\"article:modified_time\" content=\"2022-07-03T20:52:29+00:00\" \/>\n<meta property=\"og:image\" content=\"https:\/\/sanmed.pl\/wp-content\/uploads\/2022\/06\/szczoteczka2.jpg\" \/>\n\t<meta property=\"og:image:width\" content=\"1080\" \/>\n\t<meta property=\"og:image:height\" content=\"1080\" \/>\n\t<meta property=\"og:image:type\" content=\"image\/jpeg\" \/>\n<meta name=\"twitter:card\" content=\"summary_large_image\" \/>\n<script type=\"application\/ld+json\" class=\"yoast-schema-graph\">{\"@context\":\"https:\/\/schema.org\",\"@graph\":[{\"@type\":\"WebPage\",\"@id\":\"https:\/\/sanmed.pl\/en\/produkt\/surgical-brush-super-brush-300x\/\",\"url\":\"https:\/\/sanmed.pl\/en\/produkt\/surgical-brush-super-brush-300x\/\",\"name\":\"Surgical Brush- Super Brush 300x (10pcs) - Sanmed - Wytw\u00f3rnia sprz\u0119tu sanitarnego\",\"isPartOf\":{\"@id\":\"https:\/\/sanmed.pl\/#website\"},\"primaryImageOfPage\":{\"@id\":\"https:\/\/sanmed.pl\/en\/produkt\/surgical-brush-super-brush-300x\/#primaryimage\"},\"image\":{\"@id\":\"https:\/\/sanmed.pl\/en\/produkt\/surgical-brush-super-brush-300x\/#primaryimage\"},\"thumbnailUrl\":\"https:\/\/sanmed.pl\/wp-content\/uploads\/2022\/06\/szczoteczka2.jpg\",\"datePublished\":\"2024-06-12T12:30:10+00:00\",\"dateModified\":\"2022-07-03T20:52:29+00:00\",\"breadcrumb\":{\"@id\":\"https:\/\/sanmed.pl\/en\/produkt\/surgical-brush-super-brush-300x\/#breadcrumb\"},\"inLanguage\":\"en-US\",\"potentialAction\":[{\"@type\":\"ReadAction\",\"target\":[\"https:\/\/sanmed.pl\/en\/produkt\/surgical-brush-super-brush-300x\/\"]}]},{\"@type\":\"ImageObject\",\"inLanguage\":\"en-US\",\"@id\":\"https:\/\/sanmed.pl\/en\/produkt\/surgical-brush-super-brush-300x\/#primaryimage\",\"url\":\"https:\/\/sanmed.pl\/wp-content\/uploads\/2022\/06\/szczoteczka2.jpg\",\"contentUrl\":\"https:\/\/sanmed.pl\/wp-content\/uploads\/2022\/06\/szczoteczka2.jpg\",\"width\":1080,\"height\":1080,\"caption\":\"Szczoteczka chirurgiczna\"},{\"@type\":\"BreadcrumbList\",\"@id\":\"https:\/\/sanmed.pl\/en\/produkt\/surgical-brush-super-brush-300x\/#breadcrumb\",\"itemListElement\":[{\"@type\":\"ListItem\",\"position\":1,\"name\":\"Strona g\u0142\u00f3wna\",\"item\":\"https:\/\/sanmed.pl\/en\/\"},{\"@type\":\"ListItem\",\"position\":2,\"name\":\"Shop\",\"item\":\"https:\/\/sanmed.pl\/en\/shop\/\"},{\"@type\":\"ListItem\",\"position\":3,\"name\":\"Surgical Brush- Super Brush 300x (10pcs)\"}]},{\"@type\":\"WebSite\",\"@id\":\"https:\/\/sanmed.pl\/#website\",\"url\":\"https:\/\/sanmed.pl\/\",\"name\":\"Sanmed - Wytw\u00f3rnia sprz\u0119tu sanitarnego\",\"description\":\"Produkty najwy\u017cszej jako\u015bci\",\"publisher\":{\"@id\":\"https:\/\/sanmed.pl\/#organization\"},\"potentialAction\":[{\"@type\":\"SearchAction\",\"target\":{\"@type\":\"EntryPoint\",\"urlTemplate\":\"https:\/\/sanmed.pl\/?s={search_term_string}\"},\"query-input\":{\"@type\":\"PropertyValueSpecification\",\"valueRequired\":true,\"valueName\":\"search_term_string\"}}],\"inLanguage\":\"en-US\"},{\"@type\":\"Organization\",\"@id\":\"https:\/\/sanmed.pl\/#organization\",\"name\":\"SANMED\",\"url\":\"https:\/\/sanmed.pl\/\",\"logo\":{\"@type\":\"ImageObject\",\"inLanguage\":\"en-US\",\"@id\":\"https:\/\/sanmed.pl\/#\/schema\/logo\/image\/\",\"url\":\"https:\/\/sanmed.pl\/wp-content\/uploads\/2022\/05\/logo.png\",\"contentUrl\":\"https:\/\/sanmed.pl\/wp-content\/uploads\/2022\/05\/logo.png\",\"width\":236,\"height\":104,\"caption\":\"SANMED\"},\"image\":{\"@id\":\"https:\/\/sanmed.pl\/#\/schema\/logo\/image\/\"}}]}<\/script>\n<!-- \/ Yoast SEO plugin. -->","yoast_head_json":{"title":"Surgical Brush- Super Brush 300x (10pcs) - Sanmed - Wytw\u00f3rnia sprz\u0119tu sanitarnego","robots":{"index":"index","follow":"follow","max-snippet":"max-snippet:-1","max-image-preview":"max-image-preview:large","max-video-preview":"max-video-preview:-1"},"canonical":"https:\/\/sanmed.pl\/en\/produkt\/surgical-brush-super-brush-300x\/","og_locale":"en_US","og_type":"article","og_title":"Surgical Brush- Super Brush 300x (10pcs) - Sanmed - Wytw\u00f3rnia sprz\u0119tu sanitarnego","og_description":"The brush consists of a body made of high-quality  plastic and Tynex bristles, which have an antibacterial  coating that prevents the growth of bacteria.  The sanded ends of the fibers prevent  skin irritation by gently massaging it.","og_url":"https:\/\/sanmed.pl\/en\/produkt\/surgical-brush-super-brush-300x\/","og_site_name":"Sanmed - Wytw\u00f3rnia sprz\u0119tu sanitarnego","article_modified_time":"2022-07-03T20:52:29+00:00","og_image":[{"width":1080,"height":1080,"url":"https:\/\/sanmed.pl\/wp-content\/uploads\/2022\/06\/szczoteczka2.jpg","type":"image\/jpeg"}],"twitter_card":"summary_large_image","schema":{"@context":"https:\/\/schema.org","@graph":[{"@type":"WebPage","@id":"https:\/\/sanmed.pl\/en\/produkt\/surgical-brush-super-brush-300x\/","url":"https:\/\/sanmed.pl\/en\/produkt\/surgical-brush-super-brush-300x\/","name":"Surgical Brush- Super Brush 300x (10pcs) - Sanmed - Wytw\u00f3rnia sprz\u0119tu sanitarnego","isPartOf":{"@id":"https:\/\/sanmed.pl\/#website"},"primaryImageOfPage":{"@id":"https:\/\/sanmed.pl\/en\/produkt\/surgical-brush-super-brush-300x\/#primaryimage"},"image":{"@id":"https:\/\/sanmed.pl\/en\/produkt\/surgical-brush-super-brush-300x\/#primaryimage"},"thumbnailUrl":"https:\/\/sanmed.pl\/wp-content\/uploads\/2022\/06\/szczoteczka2.jpg","datePublished":"2024-06-12T12:30:10+00:00","dateModified":"2022-07-03T20:52:29+00:00","breadcrumb":{"@id":"https:\/\/sanmed.pl\/en\/produkt\/surgical-brush-super-brush-300x\/#breadcrumb"},"inLanguage":"en-US","potentialAction":[{"@type":"ReadAction","target":["https:\/\/sanmed.pl\/en\/produkt\/surgical-brush-super-brush-300x\/"]}]},{"@type":"ImageObject","inLanguage":"en-US","@id":"https:\/\/sanmed.pl\/en\/produkt\/surgical-brush-super-brush-300x\/#primaryimage","url":"https:\/\/sanmed.pl\/wp-content\/uploads\/2022\/06\/szczoteczka2.jpg","contentUrl":"https:\/\/sanmed.pl\/wp-content\/uploads\/2022\/06\/szczoteczka2.jpg","width":1080,"height":1080,"caption":"Szczoteczka chirurgiczna"},{"@type":"BreadcrumbList","@id":"https:\/\/sanmed.pl\/en\/produkt\/surgical-brush-super-brush-300x\/#breadcrumb","itemListElement":[{"@type":"ListItem","position":1,"name":"Strona g\u0142\u00f3wna","item":"https:\/\/sanmed.pl\/en\/"},{"@type":"ListItem","position":2,"name":"Shop","item":"https:\/\/sanmed.pl\/en\/shop\/"},{"@type":"ListItem","position":3,"name":"Surgical Brush- Super Brush 300x (10pcs)"}]},{"@type":"WebSite","@id":"https:\/\/sanmed.pl\/#website","url":"https:\/\/sanmed.pl\/","name":"Sanmed - Wytw\u00f3rnia sprz\u0119tu sanitarnego","description":"Produkty najwy\u017cszej jako\u015bci","publisher":{"@id":"https:\/\/sanmed.pl\/#organization"},"potentialAction":[{"@type":"SearchAction","target":{"@type":"EntryPoint","urlTemplate":"https:\/\/sanmed.pl\/?s={search_term_string}"},"query-input":{"@type":"PropertyValueSpecification","valueRequired":true,"valueName":"search_term_string"}}],"inLanguage":"en-US"},{"@type":"Organization","@id":"https:\/\/sanmed.pl\/#organization","name":"SANMED","url":"https:\/\/sanmed.pl\/","logo":{"@type":"ImageObject","inLanguage":"en-US","@id":"https:\/\/sanmed.pl\/#\/schema\/logo\/image\/","url":"https:\/\/sanmed.pl\/wp-content\/uploads\/2022\/05\/logo.png","contentUrl":"https:\/\/sanmed.pl\/wp-content\/uploads\/2022\/05\/logo.png","width":236,"height":104,"caption":"SANMED"},"image":{"@id":"https:\/\/sanmed.pl\/#\/schema\/logo\/image\/"}}]}},"_links":{"self":[{"href":"https:\/\/sanmed.pl\/en\/wp-json\/wp\/v2\/product\/865","targetHints":{"allow":["GET"]}}],"collection":[{"href":"https:\/\/sanmed.pl\/en\/wp-json\/wp\/v2\/product"}],"about":[{"href":"https:\/\/sanmed.pl\/en\/wp-json\/wp\/v2\/types\/product"}],"wp:featuredmedia":[{"embeddable":true,"href":"https:\/\/sanmed.pl\/en\/wp-json\/wp\/v2\/media\/681"}],"wp:attachment":[{"href":"https:\/\/sanmed.pl\/en\/wp-json\/wp\/v2\/media?parent=865"}],"wp:term":[{"taxonomy":"product_cat","embeddable":true,"href":"https:\/\/sanmed.pl\/en\/wp-json\/wp\/v2\/product_cat?post=865"},{"taxonomy":"product_tag","embeddable":true,"href":"https:\/\/sanmed.pl\/en\/wp-json\/wp\/v2\/product_tag?post=865"}],"curies":[{"name":"wp","href":"https:\/\/api.w.org\/{rel}","templated":true}]}}