{"id":868,"date":"2022-06-12T14:31:26","date_gmt":"2022-06-12T12:31:26","guid":{"rendered":"https:\/\/sanmed.pl\/produkt\/jumbo-toilet-paper-tray\/"},"modified":"2022-06-12T14:31:26","modified_gmt":"2022-06-12T12:31:26","slug":"jumbo-toilet-paper-tray","status":"publish","type":"product","link":"https:\/\/sanmed.pl\/en\/produkt\/jumbo-toilet-paper-tray\/","title":{"rendered":"Jumbo Toilet Paper Tray"},"content":{"rendered":"<pre id=\"tw-target-text\" class=\"tw-data-text tw-text-large tw-ta\" dir=\"ltr\" data-placeholder=\"T\u0142umaczenie\"><span class=\"Y2IQFc\" lang=\"en\" style=\"font-family: arial, helvetica, sans-serif;\">The cover is locked with a key, which protects against \r\naccess by unauthorized persons.\r\n\r\nIt is used wherever the consumption of paper is greater\r\n than the standard small paper roll.<\/span><\/pre>\n","protected":false},"excerpt":{"rendered":"<pre id=\"tw-target-text\" class=\"tw-data-text tw-text-large tw-ta\" dir=\"ltr\" data-placeholder=\"T\u0142umaczenie\"><span class=\"Y2IQFc\" lang=\"en\" style=\"font-family: arial, helvetica, sans-serif; font-size: 12pt;\">The JUMBO paper feeder is made entirely of stainless steel \r\nand has an eyelet to control the level of the paper.\r\n\r\n<strong><span style=\"color: #ff0000;\">Product only on special order - min. the quantity is 50 pcs<\/span><\/strong>.<\/span><\/pre>\n","protected":false},"featured_media":674,"template":"","meta":[],"product_cat":[77],"product_tag":[106,96],"class_list":{"0":"post-868","1":"product","2":"type-product","3":"status-publish","4":"has-post-thumbnail","6":"product_cat-paper-feeders","7":"product_tag-toilet-jumbo-tray","8":"product_tag-towel-dispenser","10":"first","11":"outofstock","12":"taxable","13":"shipping-taxable","14":"purchasable","15":"product-type-simple"},"featured_image_urls_v2":{"full":["https:\/\/sanmed.pl\/wp-content\/uploads\/2022\/06\/3.png",1080,1080,false],"thumbnail":["https:\/\/sanmed.pl\/wp-content\/uploads\/2022\/06\/3-150x150.png",150,150,true],"medium":["https:\/\/sanmed.pl\/wp-content\/uploads\/2022\/06\/3-300x300.png",300,300,true],"medium_large":["https:\/\/sanmed.pl\/wp-content\/uploads\/2022\/06\/3-768x768.png",768,768,true],"large":["https:\/\/sanmed.pl\/wp-content\/uploads\/2022\/06\/3-1024x1024.png",1024,1024,true],"1536x1536":["https:\/\/sanmed.pl\/wp-content\/uploads\/2022\/06\/3.png",1080,1080,false],"2048x2048":["https:\/\/sanmed.pl\/wp-content\/uploads\/2022\/06\/3.png",1080,1080,false],"ultp_layout_landscape_large":["https:\/\/sanmed.pl\/wp-content\/uploads\/2022\/06\/3-1080x800.png",1080,800,true],"ultp_layout_landscape":["https:\/\/sanmed.pl\/wp-content\/uploads\/2022\/06\/3-870x570.png",870,570,true],"ultp_layout_portrait":["https:\/\/sanmed.pl\/wp-content\/uploads\/2022\/06\/3-600x900.png",600,900,true],"ultp_layout_square":["https:\/\/sanmed.pl\/wp-content\/uploads\/2022\/06\/3-600x600.png",600,600,true],"woocommerce_archive_thumbnail":["https:\/\/sanmed.pl\/wp-content\/uploads\/2022\/06\/3-300x400.png",300,400,true],"woocommerce_thumbnail":["https:\/\/sanmed.pl\/wp-content\/uploads\/2022\/06\/3-300x400.png",300,400,true],"woocommerce_single":["https:\/\/sanmed.pl\/wp-content\/uploads\/2022\/06\/3-600x600.png",600,600,true],"woocommerce_gallery_thumbnail":["https:\/\/sanmed.pl\/wp-content\/uploads\/2022\/06\/3-100x100.png",100,100,true]},"post_excerpt_stackable_v2":"<pre id=\"tw-target-text\" class=\"tw-data-text tw-text-large tw-ta\" dir=\"ltr\" data-placeholder=\"T\u0142umaczenie\"><span class=\"Y2IQFc\" lang=\"en\" style=\"font-family: arial, helvetica, sans-serif; font-size: 12pt;\">The JUMBO paper feeder is made entirely of stainless steel \r\nand has an eyelet to control the level of the paper.\r\n\r\n<strong><span style=\"color: #ff0000;\">Product only on special order - min. the quantity is 50 pcs<\/span><\/strong>.<\/span><\/pre>\n","category_list_v2":"","author_info_v2":{"name":"","url":""},"comments_num_v2":"0 comments","yoast_head":"<!-- This site is optimized with the Yoast SEO plugin v24.0 - https:\/\/yoast.com\/wordpress\/plugins\/seo\/ -->\n<title>Jumbo Toilet Paper Tray - Sanmed - Wytw\u00f3rnia sprz\u0119tu sanitarnego<\/title>\n<meta name=\"robots\" content=\"index, follow, max-snippet:-1, max-image-preview:large, max-video-preview:-1\" \/>\n<link rel=\"canonical\" href=\"https:\/\/sanmed.pl\/en\/produkt\/jumbo-toilet-paper-tray\/\" \/>\n<meta property=\"og:locale\" content=\"en_US\" \/>\n<meta property=\"og:type\" content=\"article\" \/>\n<meta property=\"og:title\" content=\"Jumbo Toilet Paper Tray - Sanmed - Wytw\u00f3rnia sprz\u0119tu sanitarnego\" \/>\n<meta property=\"og:description\" content=\"The JUMBO paper feeder is made entirely of stainless steel  and has an eyelet to control the level of the paper.  Product only on special order - min. the quantity is 50 pcs.\" \/>\n<meta property=\"og:url\" content=\"https:\/\/sanmed.pl\/en\/produkt\/jumbo-toilet-paper-tray\/\" \/>\n<meta property=\"og:site_name\" content=\"Sanmed - Wytw\u00f3rnia sprz\u0119tu sanitarnego\" \/>\n<meta property=\"og:image\" content=\"https:\/\/sanmed.pl\/wp-content\/uploads\/2022\/06\/3.png\" \/>\n\t<meta property=\"og:image:width\" content=\"1080\" \/>\n\t<meta property=\"og:image:height\" content=\"1080\" \/>\n\t<meta property=\"og:image:type\" content=\"image\/png\" \/>\n<meta name=\"twitter:card\" content=\"summary_large_image\" \/>\n<script type=\"application\/ld+json\" class=\"yoast-schema-graph\">{\"@context\":\"https:\/\/schema.org\",\"@graph\":[{\"@type\":\"WebPage\",\"@id\":\"https:\/\/sanmed.pl\/en\/produkt\/jumbo-toilet-paper-tray\/\",\"url\":\"https:\/\/sanmed.pl\/en\/produkt\/jumbo-toilet-paper-tray\/\",\"name\":\"Jumbo Toilet Paper Tray - Sanmed - Wytw\u00f3rnia sprz\u0119tu sanitarnego\",\"isPartOf\":{\"@id\":\"https:\/\/sanmed.pl\/#website\"},\"primaryImageOfPage\":{\"@id\":\"https:\/\/sanmed.pl\/en\/produkt\/jumbo-toilet-paper-tray\/#primaryimage\"},\"image\":{\"@id\":\"https:\/\/sanmed.pl\/en\/produkt\/jumbo-toilet-paper-tray\/#primaryimage\"},\"thumbnailUrl\":\"https:\/\/sanmed.pl\/wp-content\/uploads\/2022\/06\/3.png\",\"datePublished\":\"2022-06-12T12:31:26+00:00\",\"dateModified\":\"2022-06-12T12:31:26+00:00\",\"breadcrumb\":{\"@id\":\"https:\/\/sanmed.pl\/en\/produkt\/jumbo-toilet-paper-tray\/#breadcrumb\"},\"inLanguage\":\"en-US\",\"potentialAction\":[{\"@type\":\"ReadAction\",\"target\":[\"https:\/\/sanmed.pl\/en\/produkt\/jumbo-toilet-paper-tray\/\"]}]},{\"@type\":\"ImageObject\",\"inLanguage\":\"en-US\",\"@id\":\"https:\/\/sanmed.pl\/en\/produkt\/jumbo-toilet-paper-tray\/#primaryimage\",\"url\":\"https:\/\/sanmed.pl\/wp-content\/uploads\/2022\/06\/3.png\",\"contentUrl\":\"https:\/\/sanmed.pl\/wp-content\/uploads\/2022\/06\/3.png\",\"width\":1080,\"height\":1080},{\"@type\":\"BreadcrumbList\",\"@id\":\"https:\/\/sanmed.pl\/en\/produkt\/jumbo-toilet-paper-tray\/#breadcrumb\",\"itemListElement\":[{\"@type\":\"ListItem\",\"position\":1,\"name\":\"Strona g\u0142\u00f3wna\",\"item\":\"https:\/\/sanmed.pl\/en\/\"},{\"@type\":\"ListItem\",\"position\":2,\"name\":\"Shop\",\"item\":\"https:\/\/sanmed.pl\/en\/shop\/\"},{\"@type\":\"ListItem\",\"position\":3,\"name\":\"Jumbo Toilet Paper Tray\"}]},{\"@type\":\"WebSite\",\"@id\":\"https:\/\/sanmed.pl\/#website\",\"url\":\"https:\/\/sanmed.pl\/\",\"name\":\"Sanmed - Wytw\u00f3rnia sprz\u0119tu sanitarnego\",\"description\":\"Produkty najwy\u017cszej jako\u015bci\",\"publisher\":{\"@id\":\"https:\/\/sanmed.pl\/#organization\"},\"potentialAction\":[{\"@type\":\"SearchAction\",\"target\":{\"@type\":\"EntryPoint\",\"urlTemplate\":\"https:\/\/sanmed.pl\/?s={search_term_string}\"},\"query-input\":{\"@type\":\"PropertyValueSpecification\",\"valueRequired\":true,\"valueName\":\"search_term_string\"}}],\"inLanguage\":\"en-US\"},{\"@type\":\"Organization\",\"@id\":\"https:\/\/sanmed.pl\/#organization\",\"name\":\"SANMED\",\"url\":\"https:\/\/sanmed.pl\/\",\"logo\":{\"@type\":\"ImageObject\",\"inLanguage\":\"en-US\",\"@id\":\"https:\/\/sanmed.pl\/#\/schema\/logo\/image\/\",\"url\":\"https:\/\/sanmed.pl\/wp-content\/uploads\/2022\/05\/logo.png\",\"contentUrl\":\"https:\/\/sanmed.pl\/wp-content\/uploads\/2022\/05\/logo.png\",\"width\":236,\"height\":104,\"caption\":\"SANMED\"},\"image\":{\"@id\":\"https:\/\/sanmed.pl\/#\/schema\/logo\/image\/\"}}]}<\/script>\n<!-- \/ Yoast SEO plugin. -->","yoast_head_json":{"title":"Jumbo Toilet Paper Tray - Sanmed - Wytw\u00f3rnia sprz\u0119tu sanitarnego","robots":{"index":"index","follow":"follow","max-snippet":"max-snippet:-1","max-image-preview":"max-image-preview:large","max-video-preview":"max-video-preview:-1"},"canonical":"https:\/\/sanmed.pl\/en\/produkt\/jumbo-toilet-paper-tray\/","og_locale":"en_US","og_type":"article","og_title":"Jumbo Toilet Paper Tray - Sanmed - Wytw\u00f3rnia sprz\u0119tu sanitarnego","og_description":"The JUMBO paper feeder is made entirely of stainless steel  and has an eyelet to control the level of the paper.  Product only on special order - min. the quantity is 50 pcs.","og_url":"https:\/\/sanmed.pl\/en\/produkt\/jumbo-toilet-paper-tray\/","og_site_name":"Sanmed - Wytw\u00f3rnia sprz\u0119tu sanitarnego","og_image":[{"width":1080,"height":1080,"url":"https:\/\/sanmed.pl\/wp-content\/uploads\/2022\/06\/3.png","type":"image\/png"}],"twitter_card":"summary_large_image","schema":{"@context":"https:\/\/schema.org","@graph":[{"@type":"WebPage","@id":"https:\/\/sanmed.pl\/en\/produkt\/jumbo-toilet-paper-tray\/","url":"https:\/\/sanmed.pl\/en\/produkt\/jumbo-toilet-paper-tray\/","name":"Jumbo Toilet Paper Tray - Sanmed - Wytw\u00f3rnia sprz\u0119tu sanitarnego","isPartOf":{"@id":"https:\/\/sanmed.pl\/#website"},"primaryImageOfPage":{"@id":"https:\/\/sanmed.pl\/en\/produkt\/jumbo-toilet-paper-tray\/#primaryimage"},"image":{"@id":"https:\/\/sanmed.pl\/en\/produkt\/jumbo-toilet-paper-tray\/#primaryimage"},"thumbnailUrl":"https:\/\/sanmed.pl\/wp-content\/uploads\/2022\/06\/3.png","datePublished":"2022-06-12T12:31:26+00:00","dateModified":"2022-06-12T12:31:26+00:00","breadcrumb":{"@id":"https:\/\/sanmed.pl\/en\/produkt\/jumbo-toilet-paper-tray\/#breadcrumb"},"inLanguage":"en-US","potentialAction":[{"@type":"ReadAction","target":["https:\/\/sanmed.pl\/en\/produkt\/jumbo-toilet-paper-tray\/"]}]},{"@type":"ImageObject","inLanguage":"en-US","@id":"https:\/\/sanmed.pl\/en\/produkt\/jumbo-toilet-paper-tray\/#primaryimage","url":"https:\/\/sanmed.pl\/wp-content\/uploads\/2022\/06\/3.png","contentUrl":"https:\/\/sanmed.pl\/wp-content\/uploads\/2022\/06\/3.png","width":1080,"height":1080},{"@type":"BreadcrumbList","@id":"https:\/\/sanmed.pl\/en\/produkt\/jumbo-toilet-paper-tray\/#breadcrumb","itemListElement":[{"@type":"ListItem","position":1,"name":"Strona g\u0142\u00f3wna","item":"https:\/\/sanmed.pl\/en\/"},{"@type":"ListItem","position":2,"name":"Shop","item":"https:\/\/sanmed.pl\/en\/shop\/"},{"@type":"ListItem","position":3,"name":"Jumbo Toilet Paper Tray"}]},{"@type":"WebSite","@id":"https:\/\/sanmed.pl\/#website","url":"https:\/\/sanmed.pl\/","name":"Sanmed - Wytw\u00f3rnia sprz\u0119tu sanitarnego","description":"Produkty najwy\u017cszej jako\u015bci","publisher":{"@id":"https:\/\/sanmed.pl\/#organization"},"potentialAction":[{"@type":"SearchAction","target":{"@type":"EntryPoint","urlTemplate":"https:\/\/sanmed.pl\/?s={search_term_string}"},"query-input":{"@type":"PropertyValueSpecification","valueRequired":true,"valueName":"search_term_string"}}],"inLanguage":"en-US"},{"@type":"Organization","@id":"https:\/\/sanmed.pl\/#organization","name":"SANMED","url":"https:\/\/sanmed.pl\/","logo":{"@type":"ImageObject","inLanguage":"en-US","@id":"https:\/\/sanmed.pl\/#\/schema\/logo\/image\/","url":"https:\/\/sanmed.pl\/wp-content\/uploads\/2022\/05\/logo.png","contentUrl":"https:\/\/sanmed.pl\/wp-content\/uploads\/2022\/05\/logo.png","width":236,"height":104,"caption":"SANMED"},"image":{"@id":"https:\/\/sanmed.pl\/#\/schema\/logo\/image\/"}}]}},"_links":{"self":[{"href":"https:\/\/sanmed.pl\/en\/wp-json\/wp\/v2\/product\/868","targetHints":{"allow":["GET"]}}],"collection":[{"href":"https:\/\/sanmed.pl\/en\/wp-json\/wp\/v2\/product"}],"about":[{"href":"https:\/\/sanmed.pl\/en\/wp-json\/wp\/v2\/types\/product"}],"wp:featuredmedia":[{"embeddable":true,"href":"https:\/\/sanmed.pl\/en\/wp-json\/wp\/v2\/media\/674"}],"wp:attachment":[{"href":"https:\/\/sanmed.pl\/en\/wp-json\/wp\/v2\/media?parent=868"}],"wp:term":[{"taxonomy":"product_cat","embeddable":true,"href":"https:\/\/sanmed.pl\/en\/wp-json\/wp\/v2\/product_cat?post=868"},{"taxonomy":"product_tag","embeddable":true,"href":"https:\/\/sanmed.pl\/en\/wp-json\/wp\/v2\/product_tag?post=868"}],"curies":[{"name":"wp","href":"https:\/\/api.w.org\/{rel}","templated":true}]}}